{"id":1303,"date":"2024-08-08T11:58:06","date_gmt":"2024-08-08T11:58:06","guid":{"rendered":"https:\/\/maitealbes.com\/?page_id=1303"},"modified":"2025-05-05T10:35:13","modified_gmt":"2025-05-05T10:35:13","slug":"pertsonai-ezaguna","status":"publish","type":"page","link":"https:\/\/maitealbes.com\/eus\/pertsonai-ezaguna\/","title":{"rendered":"Pertsonai ezaguna"},"content":{"rendered":"<div data-elementor-type=\"wp-page\" data-elementor-id=\"1303\" class=\"elementor elementor-1303\" data-elementor-post-type=\"page\">\n\t\t\t\t<div class=\"elementor-element elementor-element-cdcd79a e-con-full elementor-hidden-tablet elementor-hidden-mobile elementor-hidden-tablet_extra e-flex e-con e-parent\" data-id=\"cdcd79a\" data-element_type=\"container\">\n\t\t\t\t<div class=\"elementor-element elementor-element-f397359 elementor-absolute elementor-widget elementor-widget-heading\" data-id=\"f397359\" data-element_type=\"widget\" data-settings=\"{&quot;_position&quot;:&quot;absolute&quot;}\" data-widget_type=\"heading.default\">\n\t\t\t\t<div class=\"elementor-widget-container\">\n\t\t\t\t\t<h2 class=\"elementor-heading-title elementor-size-default\"><a href=\"https:\/\/maitealbes.com\/eus\">HASIERA \/<\/a><\/h2>\t\t\t\t<\/div>\n\t\t\t\t<\/div>\n\t\t\t\t<div class=\"elementor-element elementor-element-7c6d1ff elementor-absolute elementor-widget elementor-widget-heading\" data-id=\"7c6d1ff\" data-element_type=\"widget\" data-settings=\"{&quot;_position&quot;:&quot;absolute&quot;}\" data-widget_type=\"heading.default\">\n\t\t\t\t<div class=\"elementor-widget-container\">\n\t\t\t\t\t<p class=\"elementor-heading-title elementor-size-default\"><a href=\"https:\/\/maitealbes.com\/eus\/estilismoa\/\">ESTILISMOA\/<\/a><\/p>\t\t\t\t<\/div>\n\t\t\t\t<\/div>\n\t\t\t\t<div class=\"elementor-element elementor-element-388ee1b elementor-absolute elementor-widget elementor-widget-heading\" data-id=\"388ee1b\" data-element_type=\"widget\" data-settings=\"{&quot;_position&quot;:&quot;absolute&quot;}\" data-widget_type=\"heading.default\">\n\t\t\t\t<div class=\"elementor-widget-container\">\n\t\t\t\t\t<p class=\"elementor-heading-title elementor-size-default\"><a href=\"https:\/\/maitealbes.com\/eus\/pertsonai-ezaguna\/\">Pertsonai ezaguna<\/a><\/p>\t\t\t\t<\/div>\n\t\t\t\t<\/div>\n\t\t\t\t<\/div>\n\t\t<div class=\"elementor-element elementor-element-f4edd3e e-flex e-con-boxed e-con e-parent\" data-id=\"f4edd3e\" data-element_type=\"container\">\n\t\t\t\t\t<div class=\"e-con-inner\">\n\t\t<div class=\"elementor-element elementor-element-f3d0c17 e-con-full e-flex e-con e-child\" data-id=\"f3d0c17\" data-element_type=\"container\">\n\t\t\t\t<div class=\"elementor-element elementor-element-77763ae elementor-widget elementor-widget-image\" data-id=\"77763ae\" data-element_type=\"widget\" data-no-translation=\"\" data-widget_type=\"image.default\">\n\t\t\t\t<div class=\"elementor-widget-container\">\n\t\t\t\t\t<style>.elementor-element-77763ae{display:none !important}<\/style>\t\t\t\t<\/div>\n\t\t\t\t<\/div>\n\t\t\t\t<div class=\"elementor-element elementor-element-e8d6dea elementor-widget elementor-widget-image\" data-id=\"e8d6dea\" data-element_type=\"widget\" data-no-translation=\"\" data-widget_type=\"image.default\">\n\t\t\t\t<div class=\"elementor-widget-container\">\n\t\t\t\t\t\t\t\t\t\t\t\t\t\t\t<img fetchpriority=\"high\" decoding=\"async\" width=\"489\" height=\"301\" src=\"https:\/\/maitealbes.com\/wp-content\/uploads\/2025\/01\/Group-126.png\" class=\"attachment-full size-full wp-image-3704\" alt=\"\" srcset=\"https:\/\/maitealbes.com\/wp-content\/uploads\/2025\/01\/Group-126.png 489w, https:\/\/maitealbes.com\/wp-content\/uploads\/2025\/01\/Group-126-300x185.png 300w, https:\/\/maitealbes.com\/wp-content\/uploads\/2025\/01\/Group-126-18x12.png 18w\" sizes=\"(max-width: 489px) 100vw, 489px\" \/>\t\t\t\t\t\t\t\t\t\t\t\t\t\t\t<\/div>\n\t\t\t\t<\/div>\n\t\t\t\t<div class=\"elementor-element elementor-element-e8a85b2 elementor-widget elementor-widget-image\" data-id=\"e8a85b2\" data-element_type=\"widget\" data-widget_type=\"image.default\">\n\t\t\t\t<div class=\"elementor-widget-container\">\n\t\t\t\t\t\t\t\t\t\t\t\t\t\t\t<img decoding=\"async\" width=\"271\" height=\"406\" src=\"https:\/\/maitealbes.com\/wp-content\/uploads\/2024\/08\/personaje2.png\" class=\"attachment-full size-full wp-image-1306\" alt=\"\" srcset=\"https:\/\/maitealbes.com\/wp-content\/uploads\/2024\/08\/personaje2.png 271w, https:\/\/maitealbes.com\/wp-content\/uploads\/2024\/08\/personaje2-200x300.png 200w\" sizes=\"(max-width: 271px) 100vw, 271px\" \/>\t\t\t\t\t\t\t\t\t\t\t\t\t\t\t<\/div>\n\t\t\t\t<\/div>\n\t\t\t\t<\/div>\n\t\t<div class=\"elementor-element elementor-element-2f6e524 e-con-full e-flex e-con e-child\" data-id=\"2f6e524\" data-element_type=\"container\">\n\t\t\t\t<div class=\"elementor-element elementor-element-7489416 elementor-widget-divider--view-line elementor-widget elementor-widget-divider\" data-id=\"7489416\" data-element_type=\"widget\" data-widget_type=\"divider.default\">\n\t\t\t\t<div class=\"elementor-widget-container\">\n\t\t\t\t\t\t\t<div class=\"elementor-divider\">\n\t\t\t<span class=\"elementor-divider-separator\">\n\t\t\t\t\t\t<\/span>\n\t\t<\/div>\n\t\t\t\t\t\t<\/div>\n\t\t\t\t<\/div>\n\t\t\t\t<div class=\"elementor-element elementor-element-9a56e43 elementor-widget__width-initial elementor-widget elementor-widget-text-editor\" data-id=\"9a56e43\" data-element_type=\"widget\" data-widget_type=\"text-editor.default\">\n\t\t\t\t<div class=\"elementor-widget-container\">\n\t\t\t\t\t\t\t\t\t<p>Bai ekitaldi berezi bat baduzu, zein musika-banda bat, jakin zure jantzitegiak zeresan izugarria izango\nduela zurekiko pertzepzioan. <br \/><br \/>Inspiratu begiratzen ez zaituzten itxura egiten duten haiei<\/p>\t\t\t\t\t\t\t\t<\/div>\n\t\t\t\t<\/div>\n\t\t\t\t<div class=\"elementor-element elementor-element-4d1020a elementor-widget elementor-widget-button\" data-id=\"4d1020a\" data-element_type=\"widget\" data-widget_type=\"button.default\">\n\t\t\t\t<div class=\"elementor-widget-container\">\n\t\t\t\t\t\t\t\t\t<div class=\"elementor-button-wrapper\">\n\t\t\t\t\t<a class=\"elementor-button elementor-button-link elementor-size-sm\" href=\"https:\/\/maitealbes.com\/eus\/cuestionario-imagen\/\">\n\t\t\t\t\t\t<span class=\"elementor-button-content-wrapper\">\n\t\t\t\t\t\t\t\t\t<span class=\"elementor-button-text\">Interesatuta nago<\/span>\n\t\t\t\t\t<\/span>\n\t\t\t\t\t<\/a>\n\t\t\t\t<\/div>\n\t\t\t\t\t\t\t\t<\/div>\n\t\t\t\t<\/div>\n\t\t\t\t<div class=\"elementor-element elementor-element-2696e89 elementor-absolute elementor-widget elementor-widget-image\" data-id=\"2696e89\" data-element_type=\"widget\" data-settings=\"{&quot;_position&quot;:&quot;absolute&quot;}\" data-no-translation=\"\" data-widget_type=\"image.default\">\n\t\t\t\t<div class=\"elementor-widget-container\">\n\t\t\t\t\t<style>.elementor-element-2696e89{display:none !important}<\/style>\t\t\t\t<\/div>\n\t\t\t\t<\/div>\n\t\t\t\t<div class=\"elementor-element elementor-element-0578c7c elementor-absolute elementor-widget elementor-widget-image\" data-id=\"0578c7c\" data-element_type=\"widget\" data-settings=\"{&quot;_position&quot;:&quot;absolute&quot;}\" data-no-translation=\"\" data-widget_type=\"image.default\">\n\t\t\t\t<div class=\"elementor-widget-container\">\n\t\t\t\t\t\t\t\t\t\t\t\t\t\t\t<img decoding=\"async\" width=\"596\" height=\"384\" src=\"https:\/\/maitealbes.com\/wp-content\/uploads\/2025\/01\/Group-127.png\" class=\"attachment-full size-full wp-image-3705\" alt=\"\" srcset=\"https:\/\/maitealbes.com\/wp-content\/uploads\/2025\/01\/Group-127.png 596w, https:\/\/maitealbes.com\/wp-content\/uploads\/2025\/01\/Group-127-300x193.png 300w, https:\/\/maitealbes.com\/wp-content\/uploads\/2025\/01\/Group-127-18x12.png 18w\" sizes=\"(max-width: 596px) 100vw, 596px\" \/>\t\t\t\t\t\t\t\t\t\t\t\t\t\t\t<\/div>\n\t\t\t\t<\/div>\n\t\t\t\t<\/div>\n\t\t\t\t\t<\/div>\n\t\t\t\t<\/div>\n\t\t<div class=\"elementor-element elementor-element-a85d5e2 e-flex e-con-boxed e-con e-parent\" data-id=\"a85d5e2\" data-element_type=\"container\">\n\t\t\t\t\t<div class=\"e-con-inner\">\n\t\t<div class=\"elementor-element elementor-element-4f2b05e e-con-full e-flex e-con e-child\" data-id=\"4f2b05e\" data-element_type=\"container\">\n\t\t<a class=\"elementor-element elementor-element-1bdf0eb e-con-full e-flex e-con e-child\" data-id=\"1bdf0eb\" data-element_type=\"container\" href=\"https:\/\/maitealbes.com\/eus\/figurinismoa\/\">\n\t\t\t\t<div class=\"elementor-element elementor-element-64da6c8 elementor-widget elementor-widget-heading\" data-id=\"64da6c8\" data-element_type=\"widget\" data-widget_type=\"heading.default\">\n\t\t\t\t<div class=\"elementor-widget-container\">\n\t\t\t\t\t<h6 class=\"elementor-heading-title elementor-size-default\">FIGURINISMOA<\/h6>\t\t\t\t<\/div>\n\t\t\t\t<\/div>\n\t\t\t\t<div class=\"elementor-element elementor-element-0b07517 elementor-view-default elementor-widget elementor-widget-icon\" data-id=\"0b07517\" data-element_type=\"widget\" data-widget_type=\"icon.default\">\n\t\t\t\t<div class=\"elementor-widget-container\">\n\t\t\t\t\t\t\t<div class=\"elementor-icon-wrapper\">\n\t\t\t<div class=\"elementor-icon\">\n\t\t\t<svg xmlns=\"http:\/\/www.w3.org\/2000\/svg\" width=\"48\" height=\"48\" viewbox=\"0 0 48 48\" fill=\"none\"><circle cx=\"24\" cy=\"24\" r=\"23.5\" transform=\"rotate(90 24 24)\" stroke=\"black\"><\/circle><path d=\"M20.6129 29.6765C20.6129 28.3824 19.9677 26.6029 18.3548 25.1471L34 25.1471L34 23.5294L18.3548 23.5294C19.9677 22.2353 20.6129 20.2941 20.6129 19.1618L19 19C19 19.1618 18.3548 23.6912 14 23.6912L14 25.3088C18.5161 25.3088 19 29.8382 19 30L20.6129 29.6765Z\" fill=\"#1D1D1B\"><\/path><\/svg>\t\t\t<\/div>\n\t\t<\/div>\n\t\t\t\t\t\t<\/div>\n\t\t\t\t<\/div>\n\t\t\t\t<\/a>\n\t\t\t\t<\/div>\n\t\t<div class=\"elementor-element elementor-element-d1176a6 e-con-full e-flex e-con e-child\" data-id=\"d1176a6\" data-element_type=\"container\">\n\t\t<a class=\"elementor-element elementor-element-8cd853b e-con-full e-flex e-con e-child\" data-id=\"8cd853b\" data-element_type=\"container\" href=\"https:\/\/maitealbes.com\/eus\/estilismoa\/\">\n\t\t\t\t<div class=\"elementor-element elementor-element-c564e19 elementor-widget elementor-widget-heading\" data-id=\"c564e19\" data-element_type=\"widget\" data-widget_type=\"heading.default\">\n\t\t\t\t<div class=\"elementor-widget-container\">\n\t\t\t\t\t<h6 class=\"elementor-heading-title elementor-size-default\">ESTILISMOA<\/h6>\t\t\t\t<\/div>\n\t\t\t\t<\/div>\n\t\t\t\t<div class=\"elementor-element elementor-element-ff7354e elementor-view-default elementor-widget elementor-widget-icon\" data-id=\"ff7354e\" data-element_type=\"widget\" data-widget_type=\"icon.default\">\n\t\t\t\t<div class=\"elementor-widget-container\">\n\t\t\t\t\t\t\t<div class=\"elementor-icon-wrapper\">\n\t\t\t<div class=\"elementor-icon\">\n\t\t\t<svg xmlns=\"http:\/\/www.w3.org\/2000\/svg\" width=\"48\" height=\"48\" viewbox=\"0 0 48 48\" fill=\"none\"><circle cx=\"24\" cy=\"24\" r=\"23.5\" transform=\"rotate(-90 24 24)\" stroke=\"black\"><\/circle><path d=\"M27.3871 18.3235C27.3871 19.6176 28.0323 21.3971 29.6452 22.8529L14 22.8529L14 24.4706L29.6452 24.4706C28.0323 25.7647 27.3871 27.7059 27.3871 28.8382L29 29C29 28.8382 29.6452 24.3088 34 24.3088L34 22.6912C29.4839 22.6912 29 18.1618 29 18L27.3871 18.3235Z\" fill=\"#1D1D1B\"><\/path><\/svg>\t\t\t<\/div>\n\t\t<\/div>\n\t\t\t\t\t\t<\/div>\n\t\t\t\t<\/div>\n\t\t\t\t<\/a>\n\t\t\t\t<\/div>\n\t\t\t\t\t<\/div>\n\t\t\t\t<\/div>\n\t\t\t\t<\/div>","protected":false},"excerpt":{"rendered":"<p>HOME \/ ESTILISMO\/ Tanto si tienes un evento especial, como si tienes una banda musical, el vestuario har\u00e1 que la percepci\u00f3n por ti sea diferente. Impacta, cautiva e inspira a la gente que finge que no te mira. Me interesa FIGURINISMO ESTILISMO<\/p>","protected":false},"author":3,"featured_media":0,"parent":0,"menu_order":0,"comment_status":"closed","ping_status":"closed","template":"","meta":{"footnotes":""},"class_list":["post-1303","page","type-page","status-publish","hentry"],"yoast_head":"<!-- This site is optimized with the Yoast SEO plugin v25.4 - https:\/\/yoast.com\/wordpress\/plugins\/seo\/ -->\n<title>Personaje p\u00fablico - Maite Albes | Comunicaci\u00f3n, moda y formaci\u00f3n<\/title>\n<meta name=\"robots\" content=\"index, follow, max-snippet:-1, max-image-preview:large, max-video-preview:-1\" \/>\n<link rel=\"canonical\" href=\"https:\/\/maitealbes.com\/eus\/pertsonai-ezaguna\/\" \/>\n<meta property=\"og:locale\" content=\"en_US\" \/>\n<meta property=\"og:type\" content=\"article\" \/>\n<meta property=\"og:title\" content=\"Personaje p\u00fablico - Maite Albes | Comunicaci\u00f3n, moda y formaci\u00f3n\" \/>\n<meta property=\"og:description\" content=\"HOME \/ ESTILISMO\/ Tanto si tienes un evento especial, como si tienes una banda musical, el vestuario har\u00e1 que la percepci\u00f3n por ti sea diferente. Impacta, cautiva e inspira a la gente que finge que no te mira. Me interesa FIGURINISMO ESTILISMO\" \/>\n<meta property=\"og:url\" content=\"https:\/\/maitealbes.com\/eus\/pertsonai-ezaguna\/\" \/>\n<meta property=\"og:site_name\" content=\"Maite Albes | Comunicaci\u00f3n, moda y formaci\u00f3n\" \/>\n<meta property=\"article:modified_time\" content=\"2025-05-05T10:35:13+00:00\" \/>\n<meta property=\"og:image\" content=\"https:\/\/maitealbes.com\/wp-content\/uploads\/2024\/08\/personaje1.png\" \/>\n\t<meta property=\"og:image:width\" content=\"489\" \/>\n\t<meta property=\"og:image:height\" content=\"301\" \/>\n\t<meta property=\"og:image:type\" content=\"image\/png\" \/>\n<meta name=\"twitter:card\" content=\"summary_large_image\" \/>\n<meta name=\"twitter:label1\" content=\"Est. reading time\" \/>\n\t<meta name=\"twitter:data1\" content=\"2 minutua\" \/>\n<script type=\"application\/ld+json\" class=\"yoast-schema-graph\">{\"@context\":\"https:\/\/schema.org\",\"@graph\":[{\"@type\":\"WebPage\",\"@id\":\"https:\/\/maitealbes.com\/personaje-publico\/\",\"url\":\"https:\/\/maitealbes.com\/personaje-publico\/\",\"name\":\"Personaje p\u00fablico - Maite Albes | Comunicaci\u00f3n, moda y formaci\u00f3n\",\"isPartOf\":{\"@id\":\"https:\/\/maitealbes.com\/#website\"},\"primaryImageOfPage\":{\"@id\":\"https:\/\/maitealbes.com\/personaje-publico\/#primaryimage\"},\"image\":{\"@id\":\"https:\/\/maitealbes.com\/personaje-publico\/#primaryimage\"},\"thumbnailUrl\":\"https:\/\/maitealbes.com\/wp-content\/uploads\/2024\/08\/personaje1.png\",\"datePublished\":\"2024-08-08T11:58:06+00:00\",\"dateModified\":\"2025-05-05T10:35:13+00:00\",\"breadcrumb\":{\"@id\":\"https:\/\/maitealbes.com\/personaje-publico\/#breadcrumb\"},\"inLanguage\":\"eu\",\"potentialAction\":[{\"@type\":\"ReadAction\",\"target\":[\"https:\/\/maitealbes.com\/personaje-publico\/\"]}]},{\"@type\":\"ImageObject\",\"inLanguage\":\"eu\",\"@id\":\"https:\/\/maitealbes.com\/personaje-publico\/#primaryimage\",\"url\":\"https:\/\/maitealbes.com\/wp-content\/uploads\/2024\/08\/personaje1.png\",\"contentUrl\":\"https:\/\/maitealbes.com\/wp-content\/uploads\/2024\/08\/personaje1.png\"},{\"@type\":\"BreadcrumbList\",\"@id\":\"https:\/\/maitealbes.com\/personaje-publico\/#breadcrumb\",\"itemListElement\":[{\"@type\":\"ListItem\",\"position\":1,\"name\":\"Portada\",\"item\":\"https:\/\/maitealbes.com\/\"},{\"@type\":\"ListItem\",\"position\":2,\"name\":\"Personaje p\u00fablico\"}]},{\"@type\":\"WebSite\",\"@id\":\"https:\/\/maitealbes.com\/#website\",\"url\":\"https:\/\/maitealbes.com\/\",\"name\":\"Maite Albes | Comunicaci\u00f3n, moda y formaci\u00f3n\",\"description\":\"Estilista de moda y asesora de imagen\",\"publisher\":{\"@id\":\"https:\/\/maitealbes.com\/#organization\"},\"potentialAction\":[{\"@type\":\"SearchAction\",\"target\":{\"@type\":\"EntryPoint\",\"urlTemplate\":\"https:\/\/maitealbes.com\/?s={search_term_string}\"},\"query-input\":{\"@type\":\"PropertyValueSpecification\",\"valueRequired\":true,\"valueName\":\"search_term_string\"}}],\"inLanguage\":\"eu\"},{\"@type\":\"Organization\",\"@id\":\"https:\/\/maitealbes.com\/#organization\",\"name\":\"Maite Albes | Comunicaci\u00f3n, moda y formaci\u00f3n\",\"url\":\"https:\/\/maitealbes.com\/\",\"logo\":{\"@type\":\"ImageObject\",\"inLanguage\":\"eu\",\"@id\":\"https:\/\/maitealbes.com\/#\/schema\/logo\/image\/\",\"url\":\"https:\/\/maitealbes.com\/wp-content\/uploads\/2023\/01\/logo-maite.svg\",\"contentUrl\":\"https:\/\/maitealbes.com\/wp-content\/uploads\/2023\/01\/logo-maite.svg\",\"width\":520,\"height\":56,\"caption\":\"Maite Albes | Comunicaci\u00f3n, moda y formaci\u00f3n\"},\"image\":{\"@id\":\"https:\/\/maitealbes.com\/#\/schema\/logo\/image\/\"}}]}<\/script>\n<!-- \/ Yoast SEO plugin. -->","yoast_head_json":{"title":"Personaje p\u00fablico - Maite Albes | Comunicaci\u00f3n, moda y formaci\u00f3n","robots":{"index":"index","follow":"follow","max-snippet":"max-snippet:-1","max-image-preview":"max-image-preview:large","max-video-preview":"max-video-preview:-1"},"canonical":"https:\/\/maitealbes.com\/eus\/pertsonai-ezaguna\/","og_locale":"en_US","og_type":"article","og_title":"Personaje p\u00fablico - Maite Albes | Comunicaci\u00f3n, moda y formaci\u00f3n","og_description":"HOME \/ ESTILISMO\/ Tanto si tienes un evento especial, como si tienes una banda musical, el vestuario har\u00e1 que la percepci\u00f3n por ti sea diferente. Impacta, cautiva e inspira a la gente que finge que no te mira. Me interesa FIGURINISMO ESTILISMO","og_url":"https:\/\/maitealbes.com\/eus\/pertsonai-ezaguna\/","og_site_name":"Maite Albes | Comunicaci\u00f3n, moda y formaci\u00f3n","article_modified_time":"2025-05-05T10:35:13+00:00","og_image":[{"width":489,"height":301,"url":"https:\/\/maitealbes.com\/wp-content\/uploads\/2024\/08\/personaje1.png","type":"image\/png"}],"twitter_card":"summary_large_image","twitter_misc":{"Est. reading time":"2 minutua"},"schema":{"@context":"https:\/\/schema.org","@graph":[{"@type":"WebPage","@id":"https:\/\/maitealbes.com\/personaje-publico\/","url":"https:\/\/maitealbes.com\/personaje-publico\/","name":"Personaje p\u00fablico - Maite Albes | Comunicaci\u00f3n, moda y formaci\u00f3n","isPartOf":{"@id":"https:\/\/maitealbes.com\/#website"},"primaryImageOfPage":{"@id":"https:\/\/maitealbes.com\/personaje-publico\/#primaryimage"},"image":{"@id":"https:\/\/maitealbes.com\/personaje-publico\/#primaryimage"},"thumbnailUrl":"https:\/\/maitealbes.com\/wp-content\/uploads\/2024\/08\/personaje1.png","datePublished":"2024-08-08T11:58:06+00:00","dateModified":"2025-05-05T10:35:13+00:00","breadcrumb":{"@id":"https:\/\/maitealbes.com\/personaje-publico\/#breadcrumb"},"inLanguage":"eu","potentialAction":[{"@type":"ReadAction","target":["https:\/\/maitealbes.com\/personaje-publico\/"]}]},{"@type":"ImageObject","inLanguage":"eu","@id":"https:\/\/maitealbes.com\/personaje-publico\/#primaryimage","url":"https:\/\/maitealbes.com\/wp-content\/uploads\/2024\/08\/personaje1.png","contentUrl":"https:\/\/maitealbes.com\/wp-content\/uploads\/2024\/08\/personaje1.png"},{"@type":"BreadcrumbList","@id":"https:\/\/maitealbes.com\/personaje-publico\/#breadcrumb","itemListElement":[{"@type":"ListItem","position":1,"name":"Portada","item":"https:\/\/maitealbes.com\/"},{"@type":"ListItem","position":2,"name":"Personaje p\u00fablico"}]},{"@type":"WebSite","@id":"https:\/\/maitealbes.com\/#website","url":"https:\/\/maitealbes.com\/","name":"Maite Albes | Comunicaci\u00f3n, moda y formaci\u00f3n","description":"Estilista de moda y asesora de imagen","publisher":{"@id":"https:\/\/maitealbes.com\/#organization"},"potentialAction":[{"@type":"SearchAction","target":{"@type":"EntryPoint","urlTemplate":"https:\/\/maitealbes.com\/?s={search_term_string}"},"query-input":{"@type":"PropertyValueSpecification","valueRequired":true,"valueName":"search_term_string"}}],"inLanguage":"eu"},{"@type":"Organization","@id":"https:\/\/maitealbes.com\/#organization","name":"Maite Albes | Comunicaci\u00f3n, moda y formaci\u00f3n","url":"https:\/\/maitealbes.com\/","logo":{"@type":"ImageObject","inLanguage":"eu","@id":"https:\/\/maitealbes.com\/#\/schema\/logo\/image\/","url":"https:\/\/maitealbes.com\/wp-content\/uploads\/2023\/01\/logo-maite.svg","contentUrl":"https:\/\/maitealbes.com\/wp-content\/uploads\/2023\/01\/logo-maite.svg","width":520,"height":56,"caption":"Maite Albes | Comunicaci\u00f3n, moda y formaci\u00f3n"},"image":{"@id":"https:\/\/maitealbes.com\/#\/schema\/logo\/image\/"}}]}},"_links":{"self":[{"href":"https:\/\/maitealbes.com\/eus\/wp-json\/wp\/v2\/pages\/1303","targetHints":{"allow":["GET"]}}],"collection":[{"href":"https:\/\/maitealbes.com\/eus\/wp-json\/wp\/v2\/pages"}],"about":[{"href":"https:\/\/maitealbes.com\/eus\/wp-json\/wp\/v2\/types\/page"}],"author":[{"embeddable":true,"href":"https:\/\/maitealbes.com\/eus\/wp-json\/wp\/v2\/users\/3"}],"replies":[{"embeddable":true,"href":"https:\/\/maitealbes.com\/eus\/wp-json\/wp\/v2\/comments?post=1303"}],"version-history":[{"count":67,"href":"https:\/\/maitealbes.com\/eus\/wp-json\/wp\/v2\/pages\/1303\/revisions"}],"predecessor-version":[{"id":4646,"href":"https:\/\/maitealbes.com\/eus\/wp-json\/wp\/v2\/pages\/1303\/revisions\/4646"}],"wp:attachment":[{"href":"https:\/\/maitealbes.com\/eus\/wp-json\/wp\/v2\/media?parent=1303"}],"curies":[{"name":"wp","href":"https:\/\/api.w.org\/{rel}","templated":true}]}}