{"id":1348,"date":"2024-08-08T13:30:31","date_gmt":"2024-08-08T13:30:31","guid":{"rendered":"https:\/\/maitealbes.com\/?page_id=1348"},"modified":"2025-05-05T10:56:09","modified_gmt":"2025-05-05T10:56:09","slug":"komunikazioa","status":"publish","type":"page","link":"https:\/\/maitealbes.com\/eus\/komunikazioa\/","title":{"rendered":"Komunikazioa"},"content":{"rendered":"<div data-elementor-type=\"wp-page\" data-elementor-id=\"1348\" class=\"elementor elementor-1348\" data-elementor-post-type=\"page\">\n\t\t\t\t<div class=\"elementor-element elementor-element-cdcd79a e-con-full elementor-hidden-tablet elementor-hidden-mobile elementor-hidden-tablet_extra e-flex e-con e-parent\" data-id=\"cdcd79a\" data-element_type=\"container\">\n\t\t\t\t<div class=\"elementor-element elementor-element-f397359 elementor-absolute elementor-widget elementor-widget-heading\" data-id=\"f397359\" data-element_type=\"widget\" data-settings=\"{&quot;_position&quot;:&quot;absolute&quot;}\" data-widget_type=\"heading.default\">\n\t\t\t\t<div class=\"elementor-widget-container\">\n\t\t\t\t\t<h2 class=\"elementor-heading-title elementor-size-default\"><a href=\"https:\/\/maitealbes.com\/eus\">HASIERA \/<\/a><\/h2>\t\t\t\t<\/div>\n\t\t\t\t<\/div>\n\t\t\t\t<div class=\"elementor-element elementor-element-7c6d1ff elementor-absolute elementor-widget elementor-widget-heading\" data-id=\"7c6d1ff\" data-element_type=\"widget\" data-settings=\"{&quot;_position&quot;:&quot;absolute&quot;}\" data-widget_type=\"heading.default\">\n\t\t\t\t<div class=\"elementor-widget-container\">\n\t\t\t\t\t<p class=\"elementor-heading-title elementor-size-default\"><a href=\"https:\/\/maitealbes.com\/eus\/komunikazioa\/\">Komunikazioa<\/a><\/p>\t\t\t\t<\/div>\n\t\t\t\t<\/div>\n\t\t\t\t<\/div>\n\t\t<div class=\"elementor-element elementor-element-f4edd3e e-flex e-con-boxed e-con e-parent\" data-id=\"f4edd3e\" data-element_type=\"container\">\n\t\t\t\t\t<div class=\"e-con-inner\">\n\t\t<div class=\"elementor-element elementor-element-f3d0c17 e-con-full e-flex e-con e-child\" data-id=\"f3d0c17\" data-element_type=\"container\">\n\t\t\t\t<div class=\"elementor-element elementor-element-77763ae elementor-widget__width-initial elementor-widget elementor-widget-image\" data-id=\"77763ae\" data-element_type=\"widget\" data-no-translation=\"\" data-widget_type=\"image.default\">\n\t\t\t\t<div class=\"elementor-widget-container\">\n\t\t\t\t\t<style>.elementor-element-77763ae{display:none !important}<\/style>\t\t\t\t<\/div>\n\t\t\t\t<\/div>\n\t\t\t\t<div class=\"elementor-element elementor-element-0a7c8e3 elementor-widget__width-initial elementor-widget elementor-widget-image\" data-id=\"0a7c8e3\" data-element_type=\"widget\" data-no-translation=\"\" data-widget_type=\"image.default\">\n\t\t\t\t<div class=\"elementor-widget-container\">\n\t\t\t\t\t\t\t\t\t\t\t\t\t\t\t<img fetchpriority=\"high\" decoding=\"async\" width=\"547\" height=\"308\" src=\"https:\/\/maitealbes.com\/wp-content\/uploads\/2025\/01\/Group-119.png\" class=\"attachment-full size-full wp-image-3656\" alt=\"\" srcset=\"https:\/\/maitealbes.com\/wp-content\/uploads\/2025\/01\/Group-119.png 547w, https:\/\/maitealbes.com\/wp-content\/uploads\/2025\/01\/Group-119-300x169.png 300w, https:\/\/maitealbes.com\/wp-content\/uploads\/2025\/01\/Group-119-18x10.png 18w\" sizes=\"(max-width: 547px) 100vw, 547px\" \/>\t\t\t\t\t\t\t\t\t\t\t\t\t\t\t<\/div>\n\t\t\t\t<\/div>\n\t\t\t\t<div class=\"elementor-element elementor-element-2696e89 elementor-absolute elementor-hidden-mobile elementor-widget elementor-widget-image\" data-id=\"2696e89\" data-element_type=\"widget\" data-settings=\"{&quot;_position&quot;:&quot;absolute&quot;}\" data-widget_type=\"image.default\">\n\t\t\t\t<div class=\"elementor-widget-container\">\n\t\t\t\t\t\t\t\t\t\t\t\t\t\t\t<img decoding=\"async\" width=\"381\" height=\"226\" src=\"https:\/\/maitealbes.com\/wp-content\/uploads\/2024\/11\/image-76.png\" class=\"attachment-full size-full wp-image-2009\" alt=\"\" srcset=\"https:\/\/maitealbes.com\/wp-content\/uploads\/2024\/11\/image-76.png 381w, https:\/\/maitealbes.com\/wp-content\/uploads\/2024\/11\/image-76-300x178.png 300w\" sizes=\"(max-width: 381px) 100vw, 381px\" \/>\t\t\t\t\t\t\t\t\t\t\t\t\t\t\t<\/div>\n\t\t\t\t<\/div>\n\t\t\t\t<div class=\"elementor-element elementor-element-e79f3d3 elementor-widget__width-initial elementor-absolute elementor-widget elementor-widget-video\" data-id=\"e79f3d3\" data-element_type=\"widget\" data-settings=\"{&quot;video_type&quot;:&quot;hosted&quot;,&quot;autoplay&quot;:&quot;yes&quot;,&quot;play_on_mobile&quot;:&quot;yes&quot;,&quot;mute&quot;:&quot;yes&quot;,&quot;loop&quot;:&quot;yes&quot;,&quot;_position&quot;:&quot;absolute&quot;}\" data-widget_type=\"video.default\">\n\t\t\t\t<div class=\"elementor-widget-container\">\n\t\t\t\t\t\t\t<div class=\"e-hosted-video elementor-wrapper elementor-open-inline\">\n\t\t\t\t\t<video class=\"elementor-video\" src=\"https:\/\/maitealbes.com\/wp-content\/uploads\/2024\/12\/Comunicacion_aligerado.mp4\" autoplay=\"\" loop=\"\" muted=\"muted\" playsinline=\"\" controlslist=\"nodownload\"><\/video>\n\t\t\t\t<\/div>\n\t\t\t\t\t\t<\/div>\n\t\t\t\t<\/div>\n\t\t\t\t<div class=\"elementor-element elementor-element-cc81a81 elementor-absolute elementor-hidden-mobile elementor-widget elementor-widget-image\" data-id=\"cc81a81\" data-element_type=\"widget\" data-settings=\"{&quot;_position&quot;:&quot;absolute&quot;}\" data-widget_type=\"image.default\">\n\t\t\t\t<div class=\"elementor-widget-container\">\n\t\t\t\t\t\t\t\t\t\t\t\t\t\t\t<img decoding=\"async\" width=\"230\" height=\"153\" src=\"https:\/\/maitealbes.com\/wp-content\/uploads\/2024\/11\/25052024-_R0A7802-1.png\" class=\"attachment-full size-full wp-image-2005\" alt=\"\" \/>\t\t\t\t\t\t\t\t\t\t\t\t\t\t\t<\/div>\n\t\t\t\t<\/div>\n\t\t\t\t<\/div>\n\t\t<div class=\"elementor-element elementor-element-2f6e524 e-con-full e-flex e-con e-child\" data-id=\"2f6e524\" data-element_type=\"container\">\n\t\t\t\t<div class=\"elementor-element elementor-element-7489416 elementor-widget-divider--view-line elementor-widget elementor-widget-divider\" data-id=\"7489416\" data-element_type=\"widget\" data-widget_type=\"divider.default\">\n\t\t\t\t<div class=\"elementor-widget-container\">\n\t\t\t\t\t\t\t<div class=\"elementor-divider\">\n\t\t\t<span class=\"elementor-divider-separator\">\n\t\t\t\t\t\t<\/span>\n\t\t<\/div>\n\t\t\t\t\t\t<\/div>\n\t\t\t\t<\/div>\n\t\t\t\t<div class=\"elementor-element elementor-element-9a56e43 elementor-widget__width-initial elementor-widget elementor-widget-text-editor\" data-id=\"9a56e43\" data-element_type=\"widget\" data-widget_type=\"text-editor.default\">\n\t\t\t\t<div class=\"elementor-widget-container\">\n\t\t\t\t\t\t\t\t\t<p>Eta dena kontatzen badugu? Moda hizkuntza bat da, eta ildo horretan, asko du kontatzeko.<\/p><p>Esan iezadazu zein hedabidetan egingo dugun: irratia, telebista, podcasta, aldizkaria...<\/p>\t\t\t\t\t\t\t\t<\/div>\n\t\t\t\t<\/div>\n\t\t<div class=\"elementor-element elementor-element-b7078d1 e-con-full e-flex e-con e-child\" data-id=\"b7078d1\" data-element_type=\"container\">\n\t\t\t\t<div class=\"elementor-element elementor-element-4d1020a elementor-widget elementor-widget-button\" data-id=\"4d1020a\" data-element_type=\"widget\" data-widget_type=\"button.default\">\n\t\t\t\t<div class=\"elementor-widget-container\">\n\t\t\t\t\t\t\t\t\t<div class=\"elementor-button-wrapper\">\n\t\t\t\t\t<a class=\"elementor-button elementor-button-link elementor-size-sm\" href=\"https:\/\/maitealbes.com\/eus\/cuestionario-generico\/\">\n\t\t\t\t\t\t<span class=\"elementor-button-content-wrapper\">\n\t\t\t\t\t\t\t\t\t<span class=\"elementor-button-text\">Interesatuta nago<\/span>\n\t\t\t\t\t<\/span>\n\t\t\t\t\t<\/a>\n\t\t\t\t<\/div>\n\t\t\t\t\t\t\t\t<\/div>\n\t\t\t\t<\/div>\n\t\t\t\t<\/div>\n\t\t\t\t<\/div>\n\t\t\t\t\t<\/div>\n\t\t\t\t<\/div>\n\t\t<div class=\"elementor-element elementor-element-8720dc3 e-flex e-con-boxed e-con e-parent\" data-id=\"8720dc3\" data-element_type=\"container\">\n\t\t\t\t\t<div class=\"e-con-inner\">\n\t\t<div class=\"elementor-element elementor-element-b61cf60 e-con-full e-flex e-con e-child\" data-id=\"b61cf60\" data-element_type=\"container\">\n\t\t<a class=\"elementor-element elementor-element-26341e2 e-con-full e-flex e-con e-child\" data-id=\"26341e2\" data-element_type=\"container\" href=\"https:\/\/maitealbes.com\/eus\/formakuntza\/\">\n\t\t\t\t<div class=\"elementor-element elementor-element-3794434 elementor-widget elementor-widget-heading\" data-id=\"3794434\" data-element_type=\"widget\" data-widget_type=\"heading.default\">\n\t\t\t\t<div class=\"elementor-widget-container\">\n\t\t\t\t\t<h6 class=\"elementor-heading-title elementor-size-default\">FORMAKUNTZA<\/h6>\t\t\t\t<\/div>\n\t\t\t\t<\/div>\n\t\t\t\t<div class=\"elementor-element elementor-element-8026bd2 elementor-view-default elementor-widget elementor-widget-icon\" data-id=\"8026bd2\" data-element_type=\"widget\" data-widget_type=\"icon.default\">\n\t\t\t\t<div class=\"elementor-widget-container\">\n\t\t\t\t\t\t\t<div class=\"elementor-icon-wrapper\">\n\t\t\t<div class=\"elementor-icon\">\n\t\t\t<svg xmlns=\"http:\/\/www.w3.org\/2000\/svg\" width=\"48\" height=\"48\" viewbox=\"0 0 48 48\" fill=\"none\"><circle cx=\"24\" cy=\"24\" r=\"23.5\" transform=\"rotate(90 24 24)\" stroke=\"black\"><\/circle><path d=\"M20.6129 29.6765C20.6129 28.3824 19.9677 26.6029 18.3548 25.1471L34 25.1471L34 23.5294L18.3548 23.5294C19.9677 22.2353 20.6129 20.2941 20.6129 19.1618L19 19C19 19.1618 18.3548 23.6912 14 23.6912L14 25.3088C18.5161 25.3088 19 29.8382 19 30L20.6129 29.6765Z\" fill=\"#1D1D1B\"><\/path><\/svg>\t\t\t<\/div>\n\t\t<\/div>\n\t\t\t\t\t\t<\/div>\n\t\t\t\t<\/div>\n\t\t\t\t<\/a>\n\t\t\t\t<\/div>\n\t\t<div class=\"elementor-element elementor-element-fa6d5c9 e-con-full e-flex e-con e-child\" data-id=\"fa6d5c9\" data-element_type=\"container\">\n\t\t<a class=\"elementor-element elementor-element-526a8e5 e-con-full e-flex e-con e-child\" data-id=\"526a8e5\" data-element_type=\"container\" href=\"https:\/\/maitealbes.com\/eus\/irudi-zuzendaritza\/\">\n\t\t\t\t<div class=\"elementor-element elementor-element-49480bc elementor-widget elementor-widget-heading\" data-id=\"49480bc\" data-element_type=\"widget\" data-widget_type=\"heading.default\">\n\t\t\t\t<div class=\"elementor-widget-container\">\n\t\t\t\t\t<h6 class=\"elementor-heading-title elementor-size-default\">IRUDI-ZUZENDARITZA<\/h6>\t\t\t\t<\/div>\n\t\t\t\t<\/div>\n\t\t\t\t<div class=\"elementor-element elementor-element-604712f elementor-view-default elementor-widget elementor-widget-icon\" data-id=\"604712f\" data-element_type=\"widget\" data-widget_type=\"icon.default\">\n\t\t\t\t<div class=\"elementor-widget-container\">\n\t\t\t\t\t\t\t<div class=\"elementor-icon-wrapper\">\n\t\t\t<div class=\"elementor-icon\">\n\t\t\t<svg xmlns=\"http:\/\/www.w3.org\/2000\/svg\" width=\"48\" height=\"48\" viewbox=\"0 0 48 48\" fill=\"none\"><circle cx=\"24\" cy=\"24\" r=\"23.5\" transform=\"rotate(-90 24 24)\" stroke=\"black\"><\/circle><path d=\"M27.3871 18.3235C27.3871 19.6176 28.0323 21.3971 29.6452 22.8529L14 22.8529L14 24.4706L29.6452 24.4706C28.0323 25.7647 27.3871 27.7059 27.3871 28.8382L29 29C29 28.8382 29.6452 24.3088 34 24.3088L34 22.6912C29.4839 22.6912 29 18.1618 29 18L27.3871 18.3235Z\" fill=\"#1D1D1B\"><\/path><\/svg>\t\t\t<\/div>\n\t\t<\/div>\n\t\t\t\t\t\t<\/div>\n\t\t\t\t<\/div>\n\t\t\t\t<\/a>\n\t\t\t\t<\/div>\n\t\t\t\t\t<\/div>\n\t\t\t\t<\/div>\n\t\t\t\t<\/div>","protected":false},"excerpt":{"rendered":"<p>HOME \/ https:\/\/maitealbes.com\/wp-content\/uploads\/2024\/12\/Comunicacion_aligerado.mp4 \u00bfY si lo contamos todo? La moda es un lenguaje y como tal, tiene mucho que contar. Me asegurar\u00e9 de emocionar a tu audiencia. Ahora, dime t\u00fa el medio; radio, televisi\u00f3n, podcast, revista, \u2026 Me interesa FORMACI\u00d3N DIRECCI\u00d3N CREATIVA<\/p>","protected":false},"author":3,"featured_media":0,"parent":0,"menu_order":0,"comment_status":"closed","ping_status":"closed","template":"","meta":{"footnotes":""},"class_list":["post-1348","page","type-page","status-publish","hentry"],"yoast_head":"<!-- This site is optimized with the Yoast SEO plugin v25.4 - https:\/\/yoast.com\/wordpress\/plugins\/seo\/ -->\n<title>Comunicaci\u00f3n - Maite Albes | Comunicaci\u00f3n, moda y formaci\u00f3n<\/title>\n<meta name=\"robots\" content=\"index, follow, max-snippet:-1, max-image-preview:large, max-video-preview:-1\" \/>\n<link rel=\"canonical\" href=\"https:\/\/maitealbes.com\/eus\/komunikazioa\/\" \/>\n<meta property=\"og:locale\" content=\"en_US\" \/>\n<meta property=\"og:type\" content=\"article\" \/>\n<meta property=\"og:title\" content=\"Comunicaci\u00f3n - Maite Albes | Comunicaci\u00f3n, moda y formaci\u00f3n\" \/>\n<meta property=\"og:description\" content=\"HOME \/ https:\/\/maitealbes.com\/wp-content\/uploads\/2024\/12\/Comunicacion_aligerado.mp4 \u00bfY si lo contamos todo? La moda es un lenguaje y como tal, tiene mucho que contar. Me asegurar\u00e9 de emocionar a tu audiencia. Ahora, dime t\u00fa el medio; radio, televisi\u00f3n, podcast, revista, \u2026 Me interesa FORMACI\u00d3N DIRECCI\u00d3N CREATIVA\" \/>\n<meta property=\"og:url\" content=\"https:\/\/maitealbes.com\/eus\/komunikazioa\/\" \/>\n<meta property=\"og:site_name\" content=\"Maite Albes | Comunicaci\u00f3n, moda y formaci\u00f3n\" \/>\n<meta property=\"article:modified_time\" content=\"2025-05-05T10:56:09+00:00\" \/>\n<meta property=\"og:image\" content=\"https:\/\/maitealbes.com\/wp-content\/uploads\/2024\/11\/Group-120.png\" \/>\n\t<meta property=\"og:image:width\" content=\"547\" \/>\n\t<meta property=\"og:image:height\" content=\"308\" \/>\n\t<meta property=\"og:image:type\" content=\"image\/png\" \/>\n<meta name=\"twitter:card\" content=\"summary_large_image\" \/>\n<meta name=\"twitter:label1\" content=\"Est. reading time\" \/>\n\t<meta name=\"twitter:data1\" content=\"1 minutua\" \/>\n<script type=\"application\/ld+json\" class=\"yoast-schema-graph\">{\"@context\":\"https:\/\/schema.org\",\"@graph\":[{\"@type\":\"WebPage\",\"@id\":\"https:\/\/maitealbes.com\/comunicacion\/\",\"url\":\"https:\/\/maitealbes.com\/comunicacion\/\",\"name\":\"Comunicaci\u00f3n - Maite Albes | Comunicaci\u00f3n, moda y formaci\u00f3n\",\"isPartOf\":{\"@id\":\"https:\/\/maitealbes.com\/#website\"},\"primaryImageOfPage\":{\"@id\":\"https:\/\/maitealbes.com\/comunicacion\/#primaryimage\"},\"image\":{\"@id\":\"https:\/\/maitealbes.com\/comunicacion\/#primaryimage\"},\"thumbnailUrl\":\"https:\/\/maitealbes.com\/wp-content\/uploads\/2024\/11\/Group-120.png\",\"datePublished\":\"2024-08-08T13:30:31+00:00\",\"dateModified\":\"2025-05-05T10:56:09+00:00\",\"breadcrumb\":{\"@id\":\"https:\/\/maitealbes.com\/comunicacion\/#breadcrumb\"},\"inLanguage\":\"eu\",\"potentialAction\":[{\"@type\":\"ReadAction\",\"target\":[\"https:\/\/maitealbes.com\/comunicacion\/\"]}]},{\"@type\":\"ImageObject\",\"inLanguage\":\"eu\",\"@id\":\"https:\/\/maitealbes.com\/comunicacion\/#primaryimage\",\"url\":\"https:\/\/maitealbes.com\/wp-content\/uploads\/2024\/11\/Group-120.png\",\"contentUrl\":\"https:\/\/maitealbes.com\/wp-content\/uploads\/2024\/11\/Group-120.png\"},{\"@type\":\"BreadcrumbList\",\"@id\":\"https:\/\/maitealbes.com\/comunicacion\/#breadcrumb\",\"itemListElement\":[{\"@type\":\"ListItem\",\"position\":1,\"name\":\"Portada\",\"item\":\"https:\/\/maitealbes.com\/\"},{\"@type\":\"ListItem\",\"position\":2,\"name\":\"Comunicaci\u00f3n\"}]},{\"@type\":\"WebSite\",\"@id\":\"https:\/\/maitealbes.com\/#website\",\"url\":\"https:\/\/maitealbes.com\/\",\"name\":\"Maite Albes | Comunicaci\u00f3n, moda y formaci\u00f3n\",\"description\":\"Estilista de moda y asesora de imagen\",\"publisher\":{\"@id\":\"https:\/\/maitealbes.com\/#organization\"},\"potentialAction\":[{\"@type\":\"SearchAction\",\"target\":{\"@type\":\"EntryPoint\",\"urlTemplate\":\"https:\/\/maitealbes.com\/?s={search_term_string}\"},\"query-input\":{\"@type\":\"PropertyValueSpecification\",\"valueRequired\":true,\"valueName\":\"search_term_string\"}}],\"inLanguage\":\"eu\"},{\"@type\":\"Organization\",\"@id\":\"https:\/\/maitealbes.com\/#organization\",\"name\":\"Maite Albes | Comunicaci\u00f3n, moda y formaci\u00f3n\",\"url\":\"https:\/\/maitealbes.com\/\",\"logo\":{\"@type\":\"ImageObject\",\"inLanguage\":\"eu\",\"@id\":\"https:\/\/maitealbes.com\/#\/schema\/logo\/image\/\",\"url\":\"https:\/\/maitealbes.com\/wp-content\/uploads\/2023\/01\/logo-maite.svg\",\"contentUrl\":\"https:\/\/maitealbes.com\/wp-content\/uploads\/2023\/01\/logo-maite.svg\",\"width\":520,\"height\":56,\"caption\":\"Maite Albes | Comunicaci\u00f3n, moda y formaci\u00f3n\"},\"image\":{\"@id\":\"https:\/\/maitealbes.com\/#\/schema\/logo\/image\/\"}}]}<\/script>\n<!-- \/ Yoast SEO plugin. -->","yoast_head_json":{"title":"Comunicaci\u00f3n - Maite Albes | Comunicaci\u00f3n, moda y formaci\u00f3n","robots":{"index":"index","follow":"follow","max-snippet":"max-snippet:-1","max-image-preview":"max-image-preview:large","max-video-preview":"max-video-preview:-1"},"canonical":"https:\/\/maitealbes.com\/eus\/komunikazioa\/","og_locale":"en_US","og_type":"article","og_title":"Comunicaci\u00f3n - Maite Albes | Comunicaci\u00f3n, moda y formaci\u00f3n","og_description":"HOME \/ https:\/\/maitealbes.com\/wp-content\/uploads\/2024\/12\/Comunicacion_aligerado.mp4 \u00bfY si lo contamos todo? La moda es un lenguaje y como tal, tiene mucho que contar. Me asegurar\u00e9 de emocionar a tu audiencia. Ahora, dime t\u00fa el medio; radio, televisi\u00f3n, podcast, revista, \u2026 Me interesa FORMACI\u00d3N DIRECCI\u00d3N CREATIVA","og_url":"https:\/\/maitealbes.com\/eus\/komunikazioa\/","og_site_name":"Maite Albes | Comunicaci\u00f3n, moda y formaci\u00f3n","article_modified_time":"2025-05-05T10:56:09+00:00","og_image":[{"width":547,"height":308,"url":"https:\/\/maitealbes.com\/wp-content\/uploads\/2024\/11\/Group-120.png","type":"image\/png"}],"twitter_card":"summary_large_image","twitter_misc":{"Est. reading time":"1 minutua"},"schema":{"@context":"https:\/\/schema.org","@graph":[{"@type":"WebPage","@id":"https:\/\/maitealbes.com\/comunicacion\/","url":"https:\/\/maitealbes.com\/comunicacion\/","name":"Comunicaci\u00f3n - Maite Albes | Comunicaci\u00f3n, moda y formaci\u00f3n","isPartOf":{"@id":"https:\/\/maitealbes.com\/#website"},"primaryImageOfPage":{"@id":"https:\/\/maitealbes.com\/comunicacion\/#primaryimage"},"image":{"@id":"https:\/\/maitealbes.com\/comunicacion\/#primaryimage"},"thumbnailUrl":"https:\/\/maitealbes.com\/wp-content\/uploads\/2024\/11\/Group-120.png","datePublished":"2024-08-08T13:30:31+00:00","dateModified":"2025-05-05T10:56:09+00:00","breadcrumb":{"@id":"https:\/\/maitealbes.com\/comunicacion\/#breadcrumb"},"inLanguage":"eu","potentialAction":[{"@type":"ReadAction","target":["https:\/\/maitealbes.com\/comunicacion\/"]}]},{"@type":"ImageObject","inLanguage":"eu","@id":"https:\/\/maitealbes.com\/comunicacion\/#primaryimage","url":"https:\/\/maitealbes.com\/wp-content\/uploads\/2024\/11\/Group-120.png","contentUrl":"https:\/\/maitealbes.com\/wp-content\/uploads\/2024\/11\/Group-120.png"},{"@type":"BreadcrumbList","@id":"https:\/\/maitealbes.com\/comunicacion\/#breadcrumb","itemListElement":[{"@type":"ListItem","position":1,"name":"Portada","item":"https:\/\/maitealbes.com\/"},{"@type":"ListItem","position":2,"name":"Comunicaci\u00f3n"}]},{"@type":"WebSite","@id":"https:\/\/maitealbes.com\/#website","url":"https:\/\/maitealbes.com\/","name":"Maite Albes | Comunicaci\u00f3n, moda y formaci\u00f3n","description":"Estilista de moda y asesora de imagen","publisher":{"@id":"https:\/\/maitealbes.com\/#organization"},"potentialAction":[{"@type":"SearchAction","target":{"@type":"EntryPoint","urlTemplate":"https:\/\/maitealbes.com\/?s={search_term_string}"},"query-input":{"@type":"PropertyValueSpecification","valueRequired":true,"valueName":"search_term_string"}}],"inLanguage":"eu"},{"@type":"Organization","@id":"https:\/\/maitealbes.com\/#organization","name":"Maite Albes | Comunicaci\u00f3n, moda y formaci\u00f3n","url":"https:\/\/maitealbes.com\/","logo":{"@type":"ImageObject","inLanguage":"eu","@id":"https:\/\/maitealbes.com\/#\/schema\/logo\/image\/","url":"https:\/\/maitealbes.com\/wp-content\/uploads\/2023\/01\/logo-maite.svg","contentUrl":"https:\/\/maitealbes.com\/wp-content\/uploads\/2023\/01\/logo-maite.svg","width":520,"height":56,"caption":"Maite Albes | Comunicaci\u00f3n, moda y formaci\u00f3n"},"image":{"@id":"https:\/\/maitealbes.com\/#\/schema\/logo\/image\/"}}]}},"_links":{"self":[{"href":"https:\/\/maitealbes.com\/eus\/wp-json\/wp\/v2\/pages\/1348","targetHints":{"allow":["GET"]}}],"collection":[{"href":"https:\/\/maitealbes.com\/eus\/wp-json\/wp\/v2\/pages"}],"about":[{"href":"https:\/\/maitealbes.com\/eus\/wp-json\/wp\/v2\/types\/page"}],"author":[{"embeddable":true,"href":"https:\/\/maitealbes.com\/eus\/wp-json\/wp\/v2\/users\/3"}],"replies":[{"embeddable":true,"href":"https:\/\/maitealbes.com\/eus\/wp-json\/wp\/v2\/comments?post=1348"}],"version-history":[{"count":137,"href":"https:\/\/maitealbes.com\/eus\/wp-json\/wp\/v2\/pages\/1348\/revisions"}],"predecessor-version":[{"id":4700,"href":"https:\/\/maitealbes.com\/eus\/wp-json\/wp\/v2\/pages\/1348\/revisions\/4700"}],"wp:attachment":[{"href":"https:\/\/maitealbes.com\/eus\/wp-json\/wp\/v2\/media?parent=1348"}],"curies":[{"name":"wp","href":"https:\/\/api.w.org\/{rel}","templated":true}]}}