{"id":1384,"date":"2024-08-09T05:35:24","date_gmt":"2024-08-09T05:35:24","guid":{"rendered":"https:\/\/maitealbes.com\/?page_id=1384"},"modified":"2025-02-17T12:48:18","modified_gmt":"2025-02-17T12:48:18","slug":"maite-albes","status":"publish","type":"page","link":"https:\/\/maitealbes.com\/eus\/maite-albes\/","title":{"rendered":"Maite Albes"},"content":{"rendered":"<div data-elementor-type=\"wp-page\" data-elementor-id=\"1384\" class=\"elementor elementor-1384\" data-elementor-post-type=\"page\">\n\t\t\t\t<div class=\"elementor-element elementor-element-cdcd79a e-con-full elementor-hidden-tablet elementor-hidden-mobile e-flex e-con e-parent\" data-id=\"cdcd79a\" data-element_type=\"container\" data-settings=\"{&quot;position&quot;:&quot;absolute&quot;}\">\n\t\t\t\t<div class=\"elementor-element elementor-element-f397359 elementor-absolute elementor-widget elementor-widget-heading\" data-id=\"f397359\" data-element_type=\"widget\" data-settings=\"{&quot;_position&quot;:&quot;absolute&quot;}\" data-widget_type=\"heading.default\">\n\t\t\t\t<div class=\"elementor-widget-container\">\n\t\t\t\t\t<h2 class=\"elementor-heading-title elementor-size-default\"><a href=\"https:\/\/maitealbes.com\/eus\">HASIERA \/<\/a><\/h2>\t\t\t\t<\/div>\n\t\t\t\t<\/div>\n\t\t\t\t<\/div>\n\t\t<div class=\"elementor-element elementor-element-f4edd3e e-flex e-con-boxed e-con e-parent\" data-id=\"f4edd3e\" data-element_type=\"container\">\n\t\t\t\t\t<div class=\"e-con-inner\">\n\t\t<div class=\"elementor-element elementor-element-f3d0c17 e-con-full e-flex e-con e-child\" data-id=\"f3d0c17\" data-element_type=\"container\">\n\t\t\t\t<div class=\"elementor-element elementor-element-77763ae elementor-widget elementor-widget-image\" data-id=\"77763ae\" data-element_type=\"widget\" data-widget_type=\"image.default\">\n\t\t\t\t<div class=\"elementor-widget-container\">\n\t\t\t\t\t\t\t\t\t\t\t\t\t\t\t<img fetchpriority=\"high\" decoding=\"async\" width=\"685\" height=\"681\" src=\"https:\/\/maitealbes.com\/wp-content\/uploads\/2024\/08\/about.png\" class=\"attachment-full size-full wp-image-1392\" alt=\"\" srcset=\"https:\/\/maitealbes.com\/wp-content\/uploads\/2024\/08\/about.png 685w, https:\/\/maitealbes.com\/wp-content\/uploads\/2024\/08\/about-300x298.png 300w, https:\/\/maitealbes.com\/wp-content\/uploads\/2024\/08\/about-150x150.png 150w\" sizes=\"(max-width: 685px) 100vw, 685px\" \/>\t\t\t\t\t\t\t\t\t\t\t\t\t\t\t<\/div>\n\t\t\t\t<\/div>\n\t\t\t\t<\/div>\n\t\t<div class=\"elementor-element elementor-element-2f6e524 e-con-full e-flex e-con e-child\" data-id=\"2f6e524\" data-element_type=\"container\">\n\t\t\t\t<div class=\"elementor-element elementor-element-9a56e43 elementor-widget__width-initial elementor-widget elementor-widget-text-editor\" data-id=\"9a56e43\" data-element_type=\"widget\" data-widget_type=\"text-editor.default\">\n\t\t\t\t<div class=\"elementor-widget-container\">\n\t\t\t\t\t\t\t\t\t<p>Ezagutzen nautenek dinamikoa, sortzailea, alaia eta hurbila naizela diote. Onartzen dut pertsonen,\nmusikaren, artearen, kirolaren eta, nola ez, modaren zale amorratua naizela. Nahiz eta nire jatorri\nakademikoan ingeniaritza egon -bai, hala da, ingeniari industriala naiz, baita marketinean aditua ere-,\naspaldi ekin nion nire lan teknikoa eta modako sormena elkarrekin uztartzeari.<\/p><p>Hamarkada bat baino gehiago daramat diseinuarekin eta modarekin lotura duen familia-negozio\nbaten ekintzailetzan aktiboki laguntzen. Jakin-minak eta beharrak bultzatu naute josten ikastera,\npatroiak ateratzera, sektoreko azoka profesionaletan nola murgiltzen den jakitera, sare sozialak\nulertzera eta webguneak diseinatzera.<\/p><p class=\"translation-block\">Beti uztartu ditut nire profil teknikotik haratago sormenerako konpetentziak, beste batzuren artean prestakuntza eginaz estilismoan; irudi-aholkularitza ikasiaz; makillajean ikastaroak jasota; branding-ean espezializatuaz; argazkigintzan, lidergoan eta talde-\nmanagement-ean formazioa jasoaz; irudiari aplikatutako psikologian murgilduaz; edota online marketinean, proiektuen kudeaketan, markaren sorkuntzan eta bideo edizioan etengabeko\nprestakuntza jasoaz.<\/p><p>Zenbat eta gehiago ikasi, orduan eta gehiago ohartu naiz irudiak duen ahalmenaz. \u201cItxura-hutsa\u201d\nespresioak modari ematen dion konnotazio negatiboa ez dator bat nirekin, moda, lengoaia ere baita niretzat. Ikuspuntu eta jarrera horri buelta ematea da nire misioa, dibertsitateak duen edertasunaz gozatzeko eta sormena duten eragileen lanaz disfrutatzeko.<\/p><p>Horregatik, eta gorputzak eskatzen didalako, dena kontatu nahi dut. Irakatsiz gehiago irakasteko gogoa daukat. Denda txikiak dinamizatu nahi ditut, datozen moda-marka berriak gaitu eta ideia onak lau haizetara zabaldu.<\/p><p>Hemen eta orain, zure pantailan, nire arima, ezagutza eta pasioaren zati bat duzu. Eta zuk, ideiarik bai\nburuan? Kontaidazu! Zu ezagutzeko irrikan nago eta!<\/p>\t\t\t\t\t\t\t\t<\/div>\n\t\t\t\t<\/div>\n\t\t\t\t<div class=\"elementor-element elementor-element-5e300ee elementor-widget elementor-widget-n-accordion\" data-id=\"5e300ee\" data-element_type=\"widget\" data-settings=\"{&quot;default_state&quot;:&quot;all_collapsed&quot;,&quot;max_items_expended&quot;:&quot;one&quot;,&quot;n_accordion_animation_duration&quot;:{&quot;unit&quot;:&quot;ms&quot;,&quot;size&quot;:400,&quot;sizes&quot;:[]}}\" data-widget_type=\"nested-accordion.default\">\n\t\t\t\t<div class=\"elementor-widget-container\">\n\t\t\t\t\t\t\t<div class=\"e-n-accordion\" aria-label=\"Accordion. Open links with Enter or Space, close with Escape, and navigate with Arrow Keys\">\n\t\t\t\t\t\t<details id=\"e-n-accordion-item-9870\" class=\"e-n-accordion-item\" >\n\t\t\t\t<summary class=\"e-n-accordion-item-title\" data-accordion-index=\"1\" tabindex=\"0\" aria-expanded=\"false\" aria-controls=\"e-n-accordion-item-9870\" >\n\t\t\t\t\t<span class='e-n-accordion-item-title-header'><div class=\"e-n-accordion-item-title-text\"> ESAN GEHIAGO <\/div><\/span>\n\t\t\t\t\t\t\t<span class='e-n-accordion-item-title-icon'>\n\t\t\t<span class='e-opened' ><svg xmlns=\"http:\/\/www.w3.org\/2000\/svg\" width=\"9\" height=\"17\" viewbox=\"0 0 9 17\" fill=\"none\"><path d=\"M8.73529 11.379C7.67647 11.379 6.22059 11.9274 5.02941 13.2984L5.02941 0L3.70588 0L3.70588 13.2984C2.64706 11.9274 1.05882 11.379 0.132353 11.379L0 12.75C0.132353 12.75 3.83824 13.2984 3.83824 17H5.16176C5.16176 13.1613 8.86765 12.75 9 12.75L8.73529 11.379Z\" fill=\"#AE1925\"><\/path><\/svg><\/span>\n\t\t\t<span class='e-closed'><svg xmlns=\"http:\/\/www.w3.org\/2000\/svg\" width=\"9\" height=\"17\" viewbox=\"0 0 9 17\" fill=\"none\"><path d=\"M8.73529 11.379C7.67647 11.379 6.22059 11.9274 5.02941 13.2984L5.02941 0L3.70588 0L3.70588 13.2984C2.64706 11.9274 1.05882 11.379 0.132353 11.379L0 12.75C0.132353 12.75 3.83824 13.2984 3.83824 17H5.16176C5.16176 13.1613 8.86765 12.75 9 12.75L8.73529 11.379Z\" fill=\"#AE1925\"><\/path><\/svg><\/span>\n\t\t<\/span>\n\n\t\t\t\t\t\t<\/summary>\n\t\t\t\t<div role=\"region\" aria-labelledby=\"e-n-accordion-item-9870\" class=\"elementor-element elementor-element-93f87cf e-con-full e-flex e-con e-child\" data-id=\"93f87cf\" data-element_type=\"container\">\n\t\t\t\t<div class=\"elementor-element elementor-element-3e9edf1 elementor-widget elementor-widget-text-editor\" data-id=\"3e9edf1\" data-element_type=\"widget\" data-widget_type=\"text-editor.default\">\n\t\t\t\t<div class=\"elementor-widget-container\">\n\t\t\t\t\t\t\t\t\t<p>Zenbat eta gehiago ikasi, orduan eta gehiago ohartu naiz irudiak duen ahalmenaz. \u201cItxura-hutsa\u201d\nespresioak modari ematen dion konnotazio negatiboa ez dator bat nirekin, moda, lengoaia ere baita niretzat. Ikuspuntu eta jarrera horri buelta ematea da nire misioa, dibertsitateak duen edertasunaz gozatzeko eta sormena duten eragileen lanaz disfrutatzeko.<\/p><p>Horregatik, eta gorputzak eskatzen didalako, dena kontatu nahi dut. Irakatsiz gehiago irakasteko gogoa daukat. Denda txikiak dinamizatu nahi ditut, datozen moda-marka berriak gaitu eta ideia onak lau haizetara zabaldu.<\/p><p>Hemen eta orain, zure pantailan, nire arima, ezagutza eta pasioaren zati bat duzu. Eta zuk, ideiarik bai\nburuan? Kontaidazu! Zu ezagutzeko irrikan nago eta!<\/p>\t\t\t\t\t\t\t\t<\/div>\n\t\t\t\t<\/div>\n\t\t\t\t<div class=\"elementor-element elementor-element-4d1020a elementor-widget elementor-widget-button\" data-id=\"4d1020a\" data-element_type=\"widget\" data-widget_type=\"button.default\">\n\t\t\t\t<div class=\"elementor-widget-container\">\n\t\t\t\t\t\t\t\t\t<div class=\"elementor-button-wrapper\">\n\t\t\t\t\t<a class=\"elementor-button elementor-button-link elementor-size-sm\" href=\"https:\/\/maitealbes.com\/eus\/kontaktua\/\">\n\t\t\t\t\t\t<span class=\"elementor-button-content-wrapper\">\n\t\t\t\t\t\t\t\t\t<span class=\"elementor-button-text\">NIRE IDEIA KONTATU NAHI DUZUE<\/span>\n\t\t\t\t\t<\/span>\n\t\t\t\t\t<\/a>\n\t\t\t\t<\/div>\n\t\t\t\t\t\t\t\t<\/div>\n\t\t\t\t<\/div>\n\t\t\t\t<\/div>\n\t\t\t\t\t<\/details>\n\t\t\t\t\t<\/div>\n\t\t\t\t\t\t<\/div>\n\t\t\t\t<\/div>\n\t\t\t\t<\/div>\n\t\t\t\t\t<\/div>\n\t\t\t\t<\/div>\n\t\t<div class=\"elementor-element elementor-element-aa59dae e-flex e-con-boxed e-con e-parent\" data-id=\"aa59dae\" data-element_type=\"container\">\n\t\t\t\t\t<div class=\"e-con-inner\">\n\t\t\t\t<div class=\"elementor-element elementor-element-dadb51a elementor-widget elementor-widget-n-accordion\" data-id=\"dadb51a\" data-element_type=\"widget\" data-settings=\"{&quot;default_state&quot;:&quot;all_collapsed&quot;,&quot;max_items_expended&quot;:&quot;one&quot;,&quot;n_accordion_animation_duration&quot;:{&quot;unit&quot;:&quot;ms&quot;,&quot;size&quot;:400,&quot;sizes&quot;:[]}}\" data-widget_type=\"nested-accordion.default\">\n\t\t\t\t<div class=\"elementor-widget-container\">\n\t\t\t\t\t\t\t<div class=\"e-n-accordion\" aria-label=\"Accordion. Open links with Enter or Space, close with Escape, and navigate with Arrow Keys\">\n\t\t\t\t\t\t<details id=\"e-n-accordion-item-2290\" class=\"e-n-accordion-item\" >\n\t\t\t\t<summary class=\"e-n-accordion-item-title\" data-accordion-index=\"1\" tabindex=\"0\" aria-expanded=\"false\" aria-controls=\"e-n-accordion-item-2290\" >\n\t\t\t\t\t<span class='e-n-accordion-item-title-header'><div class=\"e-n-accordion-item-title-text\"> BESTE ZERBAIT ESAN BEHAR DIZKIZU? <\/div><\/span>\n\t\t\t\t\t\t\t<span class='e-n-accordion-item-title-icon'>\n\t\t\t<span class='e-opened' ><svg xmlns=\"http:\/\/www.w3.org\/2000\/svg\" width=\"9\" height=\"17\" viewbox=\"0 0 9 17\" fill=\"none\"><path d=\"M8.73529 11.379C7.67647 11.379 6.22059 11.9274 5.02941 13.2984L5.02941 0L3.70588 0L3.70588 13.2984C2.64706 11.9274 1.05882 11.379 0.132353 11.379L0 12.75C0.132353 12.75 3.83824 13.2984 3.83824 17H5.16176C5.16176 13.1613 8.86765 12.75 9 12.75L8.73529 11.379Z\" fill=\"#AE1925\"><\/path><\/svg><\/span>\n\t\t\t<span class='e-closed'><svg xmlns=\"http:\/\/www.w3.org\/2000\/svg\" width=\"9\" height=\"17\" viewbox=\"0 0 9 17\" fill=\"none\"><path d=\"M8.73529 11.379C7.67647 11.379 6.22059 11.9274 5.02941 13.2984L5.02941 0L3.70588 0L3.70588 13.2984C2.64706 11.9274 1.05882 11.379 0.132353 11.379L0 12.75C0.132353 12.75 3.83824 13.2984 3.83824 17H5.16176C5.16176 13.1613 8.86765 12.75 9 12.75L8.73529 11.379Z\" fill=\"#AE1925\"><\/path><\/svg><\/span>\n\t\t<\/span>\n\n\t\t\t\t\t\t<\/summary>\n\t\t\t\t<div role=\"region\" aria-labelledby=\"e-n-accordion-item-2290\" class=\"elementor-element elementor-element-547e3b7 e-con-full e-flex e-con e-child\" data-id=\"547e3b7\" data-element_type=\"container\">\n\t\t<div role=\"region\" aria-labelledby=\"e-n-accordion-item-2290\" class=\"elementor-element elementor-element-b38f576 e-con-full e-flex e-con e-child\" data-id=\"b38f576\" data-element_type=\"container\">\n\t\t\t\t<div class=\"elementor-element elementor-element-c6a29bd elementor-widget elementor-widget-heading\" data-id=\"c6a29bd\" data-element_type=\"widget\" data-widget_type=\"heading.default\">\n\t\t\t\t<div class=\"elementor-widget-container\">\n\t\t\t\t\t<h4 class=\"elementor-heading-title elementor-size-default\">Nitaz gehiago jakin nahi?<\/h4>\t\t\t\t<\/div>\n\t\t\t\t<\/div>\n\t\t\t\t<div class=\"elementor-element elementor-element-bcd87be elementor-widget elementor-widget-text-editor\" data-id=\"bcd87be\" data-element_type=\"widget\" data-widget_type=\"text-editor.default\">\n\t\t\t\t<div class=\"elementor-widget-container\">\n\t\t\t\t\t\t\t\t\t<ul>\n \t<li>Nire izena Maite da, gure ama-hizkuntzan izen arrunta eta aldi berean izen maitea. Urteak dira,\naintzinako baserrietan etxeko txikienei deitzen zieten era honek izen propiorako bidea hartu zuela, egun deitura estandarra bilakatuaz. Ni ez naiz etxeko txikiena, baina gertukoenek diote izenak koherentzia duela nirekin, egiten dudan gauza bakoitzari maitasun handia jartzen diodalako. Eta gehitzen dute izena aldatuko banu, Alain izango litzatekeela, egunero janzten dudan osagarria nire irribarrea delako.<\/li>\n \t<li>Alexander McQueenek esan zuen \"arauak hausteko, aurrena hauek ezagutu behar ditugu\", eta horixe egin nuen: irudi-aholkularitzaren printzipioak eta modari aplikatutako psikologia aztertu, ikasi eta ulertu nituen, nire buruan zenbiltzan gai askori zentzua emateko.<\/li>\n \t<li>Bizitza jasangarriago bat eramaten saiatzen naiz, ahal dudan guztia birziklatuz, gutxiago erosiaz, bertako kontsumoa sustatuz eta gauzei bizitza berri bat emanaz. Badakit egiten dudana baino gehiago egin dezakedala, eta ildo horretan lanean dihardut, badakidalako ezina ekinaz egina dela!<\/li>\n \t<li>Ohartzen naiz ikasketa teknikoek diziplina eman didatela. Badakit moda eta artearekiko zaletasunak\nsormena garatzen bultzatu nautela. Kontzientea naiz kirolak, dantzak eta musikak askatasuna eman didatela, baina oron gainetik, badakit, nigan sinisteak oreka eta zentzua eman diotela nire bizitzari.<\/li>\n<\/ul>\t\t\t\t\t\t\t\t<\/div>\n\t\t\t\t<\/div>\n\t\t\t\t<\/div>\n\t\t<div role=\"region\" aria-labelledby=\"e-n-accordion-item-2290\" class=\"elementor-element elementor-element-9de632d e-con-full e-flex e-con e-child\" data-id=\"9de632d\" data-element_type=\"container\">\n\t\t\t\t<div class=\"elementor-element elementor-element-add3c5b elementor-widget elementor-widget-image\" data-id=\"add3c5b\" data-element_type=\"widget\" data-widget_type=\"image.default\">\n\t\t\t\t<div class=\"elementor-widget-container\">\n\t\t\t\t\t\t\t\t\t\t\t\t\t\t\t<img decoding=\"async\" width=\"688\" height=\"334\" src=\"https:\/\/maitealbes.com\/wp-content\/uploads\/2024\/08\/about2.png\" class=\"attachment-full size-full wp-image-1391\" alt=\"\" srcset=\"https:\/\/maitealbes.com\/wp-content\/uploads\/2024\/08\/about2.png 688w, https:\/\/maitealbes.com\/wp-content\/uploads\/2024\/08\/about2-300x146.png 300w\" sizes=\"(max-width: 688px) 100vw, 688px\" \/>\t\t\t\t\t\t\t\t\t\t\t\t\t\t\t<\/div>\n\t\t\t\t<\/div>\n\t\t\t\t<\/div>\n\t\t\t\t<\/div>\n\t\t\t\t\t<\/details>\n\t\t\t\t\t<\/div>\n\t\t\t\t\t\t<\/div>\n\t\t\t\t<\/div>\n\t\t\t\t\t<\/div>\n\t\t\t\t<\/div>\n\t\t\t\t<\/div>","protected":false},"excerpt":{"rendered":"<p>HOME \/ Los que me conocen me describen como inquieta, creativa, risue\u00f1a y cercana. Yo, admito ser una apasionada de las personas, de la m\u00fasica, del arte, del deporte y como no, de la moda. Aunque en mi origen acad\u00e9mico esta la ingenier\u00eda, -s\u00ed, as\u00ed es, soy ingeniera industrial con m\u00e1ster en marketing y direcci\u00f3n [&hellip;]<\/p>","protected":false},"author":3,"featured_media":0,"parent":0,"menu_order":0,"comment_status":"closed","ping_status":"closed","template":"","meta":{"footnotes":""},"class_list":["post-1384","page","type-page","status-publish","hentry"],"yoast_head":"<!-- This site is optimized with the Yoast SEO plugin v25.4 - https:\/\/yoast.com\/wordpress\/plugins\/seo\/ -->\n<title>Maite Albes - Maite Albes | Comunicaci\u00f3n, moda y formaci\u00f3n<\/title>\n<meta name=\"robots\" content=\"index, follow, max-snippet:-1, max-image-preview:large, max-video-preview:-1\" \/>\n<link rel=\"canonical\" href=\"https:\/\/maitealbes.com\/eus\/maite-albes\/\" \/>\n<meta property=\"og:locale\" content=\"en_US\" \/>\n<meta property=\"og:type\" content=\"article\" \/>\n<meta property=\"og:title\" content=\"Maite Albes - Maite Albes | Comunicaci\u00f3n, moda y formaci\u00f3n\" \/>\n<meta property=\"og:description\" content=\"HOME \/ Los que me conocen me describen como inquieta, creativa, risue\u00f1a y cercana. Yo, admito ser una apasionada de las personas, de la m\u00fasica, del arte, del deporte y como no, de la moda. Aunque en mi origen acad\u00e9mico esta la ingenier\u00eda, -s\u00ed, as\u00ed es, soy ingeniera industrial con m\u00e1ster en marketing y direcci\u00f3n [&hellip;]\" \/>\n<meta property=\"og:url\" content=\"https:\/\/maitealbes.com\/eus\/maite-albes\/\" \/>\n<meta property=\"og:site_name\" content=\"Maite Albes | Comunicaci\u00f3n, moda y formaci\u00f3n\" \/>\n<meta property=\"article:modified_time\" content=\"2025-02-17T12:48:18+00:00\" \/>\n<meta property=\"og:image\" content=\"https:\/\/maitealbes.com\/wp-content\/uploads\/2024\/08\/about.png\" \/>\n\t<meta property=\"og:image:width\" content=\"685\" \/>\n\t<meta property=\"og:image:height\" content=\"681\" \/>\n\t<meta property=\"og:image:type\" content=\"image\/png\" \/>\n<meta name=\"twitter:card\" content=\"summary_large_image\" \/>\n<meta name=\"twitter:label1\" content=\"Est. reading time\" \/>\n\t<meta name=\"twitter:data1\" content=\"7 minutua\" \/>\n<script type=\"application\/ld+json\" class=\"yoast-schema-graph\">{\"@context\":\"https:\/\/schema.org\",\"@graph\":[{\"@type\":\"WebPage\",\"@id\":\"https:\/\/maitealbes.com\/maite-albes\/\",\"url\":\"https:\/\/maitealbes.com\/maite-albes\/\",\"name\":\"Maite Albes - Maite Albes | Comunicaci\u00f3n, moda y formaci\u00f3n\",\"isPartOf\":{\"@id\":\"https:\/\/maitealbes.com\/#website\"},\"primaryImageOfPage\":{\"@id\":\"https:\/\/maitealbes.com\/maite-albes\/#primaryimage\"},\"image\":{\"@id\":\"https:\/\/maitealbes.com\/maite-albes\/#primaryimage\"},\"thumbnailUrl\":\"https:\/\/maitealbes.com\/wp-content\/uploads\/2024\/08\/about.png\",\"datePublished\":\"2024-08-09T05:35:24+00:00\",\"dateModified\":\"2025-02-17T12:48:18+00:00\",\"breadcrumb\":{\"@id\":\"https:\/\/maitealbes.com\/maite-albes\/#breadcrumb\"},\"inLanguage\":\"eu\",\"potentialAction\":[{\"@type\":\"ReadAction\",\"target\":[\"https:\/\/maitealbes.com\/maite-albes\/\"]}]},{\"@type\":\"ImageObject\",\"inLanguage\":\"eu\",\"@id\":\"https:\/\/maitealbes.com\/maite-albes\/#primaryimage\",\"url\":\"https:\/\/maitealbes.com\/wp-content\/uploads\/2024\/08\/about.png\",\"contentUrl\":\"https:\/\/maitealbes.com\/wp-content\/uploads\/2024\/08\/about.png\"},{\"@type\":\"BreadcrumbList\",\"@id\":\"https:\/\/maitealbes.com\/maite-albes\/#breadcrumb\",\"itemListElement\":[{\"@type\":\"ListItem\",\"position\":1,\"name\":\"Portada\",\"item\":\"https:\/\/maitealbes.com\/\"},{\"@type\":\"ListItem\",\"position\":2,\"name\":\"Maite Albes\"}]},{\"@type\":\"WebSite\",\"@id\":\"https:\/\/maitealbes.com\/#website\",\"url\":\"https:\/\/maitealbes.com\/\",\"name\":\"Maite Albes | Comunicaci\u00f3n, moda y formaci\u00f3n\",\"description\":\"Estilista de moda y asesora de imagen\",\"publisher\":{\"@id\":\"https:\/\/maitealbes.com\/#organization\"},\"potentialAction\":[{\"@type\":\"SearchAction\",\"target\":{\"@type\":\"EntryPoint\",\"urlTemplate\":\"https:\/\/maitealbes.com\/?s={search_term_string}\"},\"query-input\":{\"@type\":\"PropertyValueSpecification\",\"valueRequired\":true,\"valueName\":\"search_term_string\"}}],\"inLanguage\":\"eu\"},{\"@type\":\"Organization\",\"@id\":\"https:\/\/maitealbes.com\/#organization\",\"name\":\"Maite Albes | Comunicaci\u00f3n, moda y formaci\u00f3n\",\"url\":\"https:\/\/maitealbes.com\/\",\"logo\":{\"@type\":\"ImageObject\",\"inLanguage\":\"eu\",\"@id\":\"https:\/\/maitealbes.com\/#\/schema\/logo\/image\/\",\"url\":\"https:\/\/maitealbes.com\/wp-content\/uploads\/2023\/01\/logo-maite.svg\",\"contentUrl\":\"https:\/\/maitealbes.com\/wp-content\/uploads\/2023\/01\/logo-maite.svg\",\"width\":520,\"height\":56,\"caption\":\"Maite Albes | Comunicaci\u00f3n, moda y formaci\u00f3n\"},\"image\":{\"@id\":\"https:\/\/maitealbes.com\/#\/schema\/logo\/image\/\"}}]}<\/script>\n<!-- \/ Yoast SEO plugin. -->","yoast_head_json":{"title":"Maite Albes - Maite Albes | Comunicaci\u00f3n, moda y formaci\u00f3n","robots":{"index":"index","follow":"follow","max-snippet":"max-snippet:-1","max-image-preview":"max-image-preview:large","max-video-preview":"max-video-preview:-1"},"canonical":"https:\/\/maitealbes.com\/eus\/maite-albes\/","og_locale":"en_US","og_type":"article","og_title":"Maite Albes - Maite Albes | Comunicaci\u00f3n, moda y formaci\u00f3n","og_description":"HOME \/ Los que me conocen me describen como inquieta, creativa, risue\u00f1a y cercana. Yo, admito ser una apasionada de las personas, de la m\u00fasica, del arte, del deporte y como no, de la moda. Aunque en mi origen acad\u00e9mico esta la ingenier\u00eda, -s\u00ed, as\u00ed es, soy ingeniera industrial con m\u00e1ster en marketing y direcci\u00f3n [&hellip;]","og_url":"https:\/\/maitealbes.com\/eus\/maite-albes\/","og_site_name":"Maite Albes | Comunicaci\u00f3n, moda y formaci\u00f3n","article_modified_time":"2025-02-17T12:48:18+00:00","og_image":[{"width":685,"height":681,"url":"https:\/\/maitealbes.com\/wp-content\/uploads\/2024\/08\/about.png","type":"image\/png"}],"twitter_card":"summary_large_image","twitter_misc":{"Est. reading time":"7 minutua"},"schema":{"@context":"https:\/\/schema.org","@graph":[{"@type":"WebPage","@id":"https:\/\/maitealbes.com\/maite-albes\/","url":"https:\/\/maitealbes.com\/maite-albes\/","name":"Maite Albes - Maite Albes | Comunicaci\u00f3n, moda y formaci\u00f3n","isPartOf":{"@id":"https:\/\/maitealbes.com\/#website"},"primaryImageOfPage":{"@id":"https:\/\/maitealbes.com\/maite-albes\/#primaryimage"},"image":{"@id":"https:\/\/maitealbes.com\/maite-albes\/#primaryimage"},"thumbnailUrl":"https:\/\/maitealbes.com\/wp-content\/uploads\/2024\/08\/about.png","datePublished":"2024-08-09T05:35:24+00:00","dateModified":"2025-02-17T12:48:18+00:00","breadcrumb":{"@id":"https:\/\/maitealbes.com\/maite-albes\/#breadcrumb"},"inLanguage":"eu","potentialAction":[{"@type":"ReadAction","target":["https:\/\/maitealbes.com\/maite-albes\/"]}]},{"@type":"ImageObject","inLanguage":"eu","@id":"https:\/\/maitealbes.com\/maite-albes\/#primaryimage","url":"https:\/\/maitealbes.com\/wp-content\/uploads\/2024\/08\/about.png","contentUrl":"https:\/\/maitealbes.com\/wp-content\/uploads\/2024\/08\/about.png"},{"@type":"BreadcrumbList","@id":"https:\/\/maitealbes.com\/maite-albes\/#breadcrumb","itemListElement":[{"@type":"ListItem","position":1,"name":"Portada","item":"https:\/\/maitealbes.com\/"},{"@type":"ListItem","position":2,"name":"Maite Albes"}]},{"@type":"WebSite","@id":"https:\/\/maitealbes.com\/#website","url":"https:\/\/maitealbes.com\/","name":"Maite Albes | Comunicaci\u00f3n, moda y formaci\u00f3n","description":"Estilista de moda y asesora de imagen","publisher":{"@id":"https:\/\/maitealbes.com\/#organization"},"potentialAction":[{"@type":"SearchAction","target":{"@type":"EntryPoint","urlTemplate":"https:\/\/maitealbes.com\/?s={search_term_string}"},"query-input":{"@type":"PropertyValueSpecification","valueRequired":true,"valueName":"search_term_string"}}],"inLanguage":"eu"},{"@type":"Organization","@id":"https:\/\/maitealbes.com\/#organization","name":"Maite Albes | Comunicaci\u00f3n, moda y formaci\u00f3n","url":"https:\/\/maitealbes.com\/","logo":{"@type":"ImageObject","inLanguage":"eu","@id":"https:\/\/maitealbes.com\/#\/schema\/logo\/image\/","url":"https:\/\/maitealbes.com\/wp-content\/uploads\/2023\/01\/logo-maite.svg","contentUrl":"https:\/\/maitealbes.com\/wp-content\/uploads\/2023\/01\/logo-maite.svg","width":520,"height":56,"caption":"Maite Albes | Comunicaci\u00f3n, moda y formaci\u00f3n"},"image":{"@id":"https:\/\/maitealbes.com\/#\/schema\/logo\/image\/"}}]}},"_links":{"self":[{"href":"https:\/\/maitealbes.com\/eus\/wp-json\/wp\/v2\/pages\/1384","targetHints":{"allow":["GET"]}}],"collection":[{"href":"https:\/\/maitealbes.com\/eus\/wp-json\/wp\/v2\/pages"}],"about":[{"href":"https:\/\/maitealbes.com\/eus\/wp-json\/wp\/v2\/types\/page"}],"author":[{"embeddable":true,"href":"https:\/\/maitealbes.com\/eus\/wp-json\/wp\/v2\/users\/3"}],"replies":[{"embeddable":true,"href":"https:\/\/maitealbes.com\/eus\/wp-json\/wp\/v2\/comments?post=1384"}],"version-history":[{"count":38,"href":"https:\/\/maitealbes.com\/eus\/wp-json\/wp\/v2\/pages\/1384\/revisions"}],"predecessor-version":[{"id":4243,"href":"https:\/\/maitealbes.com\/eus\/wp-json\/wp\/v2\/pages\/1384\/revisions\/4243"}],"wp:attachment":[{"href":"https:\/\/maitealbes.com\/eus\/wp-json\/wp\/v2\/media?parent=1384"}],"curies":[{"name":"wp","href":"https:\/\/api.w.org\/{rel}","templated":true}]}}