{"id":4667,"date":"2025-05-05T10:44:44","date_gmt":"2025-05-05T10:44:44","guid":{"rendered":"https:\/\/maitealbes.com\/?page_id=4667"},"modified":"2025-05-06T16:12:09","modified_gmt":"2025-05-06T16:12:09","slug":"cuestionario-formacion","status":"publish","type":"page","link":"https:\/\/maitealbes.com\/eus\/cuestionario-formacion\/","title":{"rendered":"Cuestionario Formaci\u00f3n"},"content":{"rendered":"<div data-elementor-type=\"wp-page\" data-elementor-id=\"4667\" class=\"elementor elementor-4667\" data-elementor-post-type=\"page\">\n\t\t\t\t<div class=\"elementor-element elementor-element-51e21ca e-flex e-con-boxed e-con e-parent\" data-id=\"51e21ca\" data-element_type=\"container\">\n\t\t\t\t\t<div class=\"e-con-inner\">\n\t\t\t\t<div class=\"elementor-element elementor-element-19eca61 elementor-widget elementor-widget-text-editor\" data-id=\"19eca61\" data-element_type=\"widget\" data-widget_type=\"text-editor.default\">\n\t\t\t\t<div class=\"elementor-widget-container\">\n\t\t\t\t\t\t\t\t\tKaixo! Ezer baino lehen, eskertu nahi dizut nigan jarritako konfiantza. Mesedez, bete ondorengo datuak zure eskaerari hobeto erantzun ahal izateko.\nEskerrik asko eta laster arte! \t\t\t\t\t\t\t\t<\/div>\n\t\t\t\t<\/div>\n\t\t\t\t<div class=\"elementor-element elementor-element-6f7b250 elementor-button-align-end form-uppercase-placeholder elementor-widget elementor-widget-form\" data-id=\"6f7b250\" data-element_type=\"widget\" data-settings=\"{&quot;step_next_label&quot;:&quot;Siguiente&quot;,&quot;step_previous_label&quot;:&quot;Anterior&quot;,&quot;button_width&quot;:&quot;100&quot;,&quot;step_type&quot;:&quot;number_text&quot;,&quot;step_icon_shape&quot;:&quot;circle&quot;}\" data-widget_type=\"form.default\">\n\t\t\t\t<div class=\"elementor-widget-container\">\n\t\t\t\t\t\t\t<form class=\"elementor-form\" method=\"post\" name=\"Cuestionario Formaci\u00f3n\" action=\"\">\n\t\t\t<input type=\"hidden\" name=\"post_id\" value=\"4667\"\/>\n\t\t\t<input type=\"hidden\" name=\"form_id\" value=\"6f7b250\"\/>\n\t\t\t<input type=\"hidden\" name=\"referer_title\" value=\"Maite Albes | Comunicaci\u00f3n, moda y formaci\u00f3n\" \/>\n\n\t\t\t\n\t\t\t<div class=\"elementor-form-fields-wrapper elementor-labels-above\">\n\t\t\t\t\t\t\t\t<div class=\"elementor-field-type-text elementor-field-group elementor-column elementor-field-group-namesurnanme elementor-col-50 elementor-field-required\">\n\t\t\t\t\t\t\t\t\t\t\t\t<label for=\"form-field-namesurnanme\" class=\"elementor-field-label\">\n\t\t\t\t\t\t\t\tIzen-abizenak\t\t\t\t\t\t\t<\/label>\n\t\t\t\t\t\t\t\t\t\t\t\t\t\t<input size=\"1\" type=\"text\" name=\"form_fields[namesurnanme]\" id=\"form-field-namesurnanme\" class=\"elementor-field elementor-size-sm  elementor-field-textual\" placeholder=\"Idatzi zure izen osoa\" required=\"required\">\n\t\t\t\t\t\t\t\t\t\t\t<\/div>\n\t\t\t\t\t\t\t\t<div class=\"elementor-field-type-email elementor-field-group elementor-column elementor-field-group-email elementor-col-50 elementor-field-required\">\n\t\t\t\t\t\t\t\t\t\t\t\t<label for=\"form-field-email\" class=\"elementor-field-label\">\n\t\t\t\t\t\t\t\tZure emaila\t\t\t\t\t\t\t<\/label>\n\t\t\t\t\t\t\t\t\t\t\t\t\t\t<input size=\"1\" type=\"email\" name=\"form_fields[email]\" id=\"form-field-email\" class=\"elementor-field elementor-size-sm  elementor-field-textual\" placeholder=\"Zure helbide elektronikorik onena\" required=\"required\">\n\t\t\t\t\t\t\t\t\t\t\t<\/div>\n\t\t\t\t\t\t\t\t<div class=\"elementor-field-type-text elementor-field-group elementor-column elementor-field-group-necesidad elementor-col-100 elementor-field-required\">\n\t\t\t\t\t\t\t\t\t\t\t\t<label for=\"form-field-necesidad\" class=\"elementor-field-label\">\n\t\t\t\t\t\t\t\tBeharra\t\t\t\t\t\t\t<\/label>\n\t\t\t\t\t\t\t\t\t\t\t\t\t\t<input size=\"1\" type=\"text\" name=\"form_fields[necesidad]\" id=\"form-field-necesidad\" class=\"elementor-field elementor-size-sm  elementor-field-textual\" placeholder=\"Kontatu, zein ponentzia, hitzaldi edo prestakuntza mota bilatzen ari zara?\" required=\"required\">\n\t\t\t\t\t\t\t\t\t\t\t<\/div>\n\t\t\t\t\t\t\t\t<div class=\"elementor-field-type-text elementor-field-group elementor-column elementor-field-group-conocido elementor-col-100 elementor-field-required\">\n\t\t\t\t\t\t\t\t\t\t\t\t<label for=\"form-field-conocido\" class=\"elementor-field-label\">\n\t\t\t\t\t\t\t\tNola ezagutu nauzu?\t\t\t\t\t\t\t<\/label>\n\t\t\t\t\t\t\t\t\t\t\t\t\t\t<input size=\"1\" type=\"text\" name=\"form_fields[conocido]\" id=\"form-field-conocido\" class=\"elementor-field elementor-size-sm  elementor-field-textual\" placeholder=\"Esaidazu, nola iritsi zaren hona?\" required=\"required\">\n\t\t\t\t\t\t\t\t\t\t\t<\/div>\n\t\t\t\t\t\t\t\t<div class=\"elementor-field-type-acceptance elementor-field-group elementor-column elementor-field-group-field_9e8c59b elementor-col-100 elementor-field-required\">\n\t\t\t\t\t\t\t<div class=\"elementor-field-subgroup\">\n\t\t\t<span class=\"elementor-field-option\">\n\t\t\t\t<input type=\"checkbox\" name=\"form_fields[field_9e8c59b]\" id=\"form-field-field_9e8c59b\" class=\"elementor-field elementor-size-sm  elementor-acceptance-field\" required=\"required\">\n\t\t\t\t<label for=\"form-field-field_9e8c59b\">Pribatutasun-politika <\/br>\n<div class=\"privacy\">Jakinarazten dizut, 2016ko apirilaren 27ko DBEOn aurreikusitakoaren arabera, nik, Maite Albesek,\nGaritano, zure datu pertsonalak biltzen eta tratatzen ditut, neurri teknikoak eta zure konfidentzialtasuna bermatzen duten antolakuntzakoak, lotzen gaituen zerbitzuaren harremana kudeatzeko. Pribatutasun-politika onartuta, tratamendu horretarako baimena ematen duzu. Zure datu pertsonalak gure arteko harremana kudeatzeko behar den denbora baino ez dut gordeko. Datuak eskuratzeko, zuzentzeko, ezabatzeko, mugatzeko, eramateko edo aurka egiteko eskubideak erabili ahal izango dituzu hola@maitealbes.com helbidera zuzenduz.<\/div><\/label>\t\t\t<\/span>\n\t\t<\/div>\n\t\t\t\t\t\t<\/div>\n\t\t\t\t\t\t\t\t<div class=\"elementor-field-group elementor-column elementor-field-type-submit elementor-col-100 e-form__buttons\">\n\t\t\t\t\t<button class=\"elementor-button elementor-size-sm\" type=\"submit\">\n\t\t\t\t\t\t<span class=\"elementor-button-content-wrapper\">\n\t\t\t\t\t\t\t\t\t\t\t\t\t\t\t\t\t\t\t\t\t\t<span class=\"elementor-button-text\">Bidali<\/span>\n\t\t\t\t\t\t\t\t\t\t\t\t\t<\/span>\n\t\t\t\t\t<\/button>\n\t\t\t\t<\/div>\n\t\t\t<\/div>\n\t\t<input type=\"hidden\" name=\"trp-form-language\" value=\"eus\"\/><\/form>\n\t\t\t\t\t\t<\/div>\n\t\t\t\t<\/div>\n\t\t\t\t\t<\/div>\n\t\t\t\t<\/div>\n\t\t\t\t<\/div>","protected":false},"excerpt":{"rendered":"<p>\u00a1Hola! Antes de nada, agradecerte la confianza depositada en m\u00ed. Por favor, completa este formulario para que pueda atender mejor tu solicitud. \u00a1Gracias y nos vemos pronto!<\/p>","protected":false},"author":3,"featured_media":0,"parent":0,"menu_order":0,"comment_status":"closed","ping_status":"closed","template":"","meta":{"footnotes":""},"class_list":["post-4667","page","type-page","status-publish","hentry"],"yoast_head":"<!-- This site is optimized with the Yoast SEO plugin v25.4 - https:\/\/yoast.com\/wordpress\/plugins\/seo\/ -->\n<title>Cuestionario Formaci\u00f3n - Maite Albes | Comunicaci\u00f3n, moda y formaci\u00f3n<\/title>\n<meta name=\"robots\" content=\"noindex, nofollow\" \/>\n<meta property=\"og:locale\" content=\"en_US\" \/>\n<meta property=\"og:type\" content=\"article\" \/>\n<meta property=\"og:title\" content=\"Cuestionario Formaci\u00f3n - Maite Albes | Comunicaci\u00f3n, moda y formaci\u00f3n\" \/>\n<meta property=\"og:description\" content=\"\u00a1Hola! Antes de nada, agradecerte la confianza depositada en m\u00ed. Por favor, completa este formulario para que pueda atender mejor tu solicitud. \u00a1Gracias y nos vemos pronto!\" \/>\n<meta property=\"og:url\" content=\"https:\/\/maitealbes.com\/eus\/cuestionario-formacion\/\" \/>\n<meta property=\"og:site_name\" content=\"Maite Albes | Comunicaci\u00f3n, moda y formaci\u00f3n\" \/>\n<meta property=\"article:modified_time\" content=\"2025-05-06T16:12:09+00:00\" \/>\n<meta name=\"twitter:card\" content=\"summary_large_image\" \/>\n<meta name=\"twitter:label1\" content=\"Est. reading time\" \/>\n\t<meta name=\"twitter:data1\" content=\"1 minutua\" \/>\n<script type=\"application\/ld+json\" class=\"yoast-schema-graph\">{\"@context\":\"https:\/\/schema.org\",\"@graph\":[{\"@type\":\"WebPage\",\"@id\":\"https:\/\/maitealbes.com\/cuestionario-formacion\/\",\"url\":\"https:\/\/maitealbes.com\/cuestionario-formacion\/\",\"name\":\"Cuestionario Formaci\u00f3n - Maite Albes | Comunicaci\u00f3n, moda y formaci\u00f3n\",\"isPartOf\":{\"@id\":\"https:\/\/maitealbes.com\/#website\"},\"datePublished\":\"2025-05-05T10:44:44+00:00\",\"dateModified\":\"2025-05-06T16:12:09+00:00\",\"breadcrumb\":{\"@id\":\"https:\/\/maitealbes.com\/cuestionario-formacion\/#breadcrumb\"},\"inLanguage\":\"eu\",\"potentialAction\":[{\"@type\":\"ReadAction\",\"target\":[\"https:\/\/maitealbes.com\/cuestionario-formacion\/\"]}]},{\"@type\":\"BreadcrumbList\",\"@id\":\"https:\/\/maitealbes.com\/cuestionario-formacion\/#breadcrumb\",\"itemListElement\":[{\"@type\":\"ListItem\",\"position\":1,\"name\":\"Portada\",\"item\":\"https:\/\/maitealbes.com\/\"},{\"@type\":\"ListItem\",\"position\":2,\"name\":\"Cuestionario Formaci\u00f3n\"}]},{\"@type\":\"WebSite\",\"@id\":\"https:\/\/maitealbes.com\/#website\",\"url\":\"https:\/\/maitealbes.com\/\",\"name\":\"Maite Albes | Comunicaci\u00f3n, moda y formaci\u00f3n\",\"description\":\"Estilista de moda y asesora de imagen\",\"publisher\":{\"@id\":\"https:\/\/maitealbes.com\/#organization\"},\"potentialAction\":[{\"@type\":\"SearchAction\",\"target\":{\"@type\":\"EntryPoint\",\"urlTemplate\":\"https:\/\/maitealbes.com\/?s={search_term_string}\"},\"query-input\":{\"@type\":\"PropertyValueSpecification\",\"valueRequired\":true,\"valueName\":\"search_term_string\"}}],\"inLanguage\":\"eu\"},{\"@type\":\"Organization\",\"@id\":\"https:\/\/maitealbes.com\/#organization\",\"name\":\"Maite Albes | Comunicaci\u00f3n, moda y formaci\u00f3n\",\"url\":\"https:\/\/maitealbes.com\/\",\"logo\":{\"@type\":\"ImageObject\",\"inLanguage\":\"eu\",\"@id\":\"https:\/\/maitealbes.com\/#\/schema\/logo\/image\/\",\"url\":\"https:\/\/maitealbes.com\/wp-content\/uploads\/2023\/01\/logo-maite.svg\",\"contentUrl\":\"https:\/\/maitealbes.com\/wp-content\/uploads\/2023\/01\/logo-maite.svg\",\"width\":520,\"height\":56,\"caption\":\"Maite Albes | Comunicaci\u00f3n, moda y formaci\u00f3n\"},\"image\":{\"@id\":\"https:\/\/maitealbes.com\/#\/schema\/logo\/image\/\"}}]}<\/script>\n<!-- \/ Yoast SEO plugin. -->","yoast_head_json":{"title":"Cuestionario Formaci\u00f3n - Maite Albes | Comunicaci\u00f3n, moda y formaci\u00f3n","robots":{"index":"noindex","follow":"nofollow"},"og_locale":"en_US","og_type":"article","og_title":"Cuestionario Formaci\u00f3n - Maite Albes | Comunicaci\u00f3n, moda y formaci\u00f3n","og_description":"\u00a1Hola! Antes de nada, agradecerte la confianza depositada en m\u00ed. Por favor, completa este formulario para que pueda atender mejor tu solicitud. \u00a1Gracias y nos vemos pronto!","og_url":"https:\/\/maitealbes.com\/eus\/cuestionario-formacion\/","og_site_name":"Maite Albes | Comunicaci\u00f3n, moda y formaci\u00f3n","article_modified_time":"2025-05-06T16:12:09+00:00","twitter_card":"summary_large_image","twitter_misc":{"Est. reading time":"1 minutua"},"schema":{"@context":"https:\/\/schema.org","@graph":[{"@type":"WebPage","@id":"https:\/\/maitealbes.com\/cuestionario-formacion\/","url":"https:\/\/maitealbes.com\/cuestionario-formacion\/","name":"Cuestionario Formaci\u00f3n - Maite Albes | Comunicaci\u00f3n, moda y formaci\u00f3n","isPartOf":{"@id":"https:\/\/maitealbes.com\/#website"},"datePublished":"2025-05-05T10:44:44+00:00","dateModified":"2025-05-06T16:12:09+00:00","breadcrumb":{"@id":"https:\/\/maitealbes.com\/cuestionario-formacion\/#breadcrumb"},"inLanguage":"eu","potentialAction":[{"@type":"ReadAction","target":["https:\/\/maitealbes.com\/cuestionario-formacion\/"]}]},{"@type":"BreadcrumbList","@id":"https:\/\/maitealbes.com\/cuestionario-formacion\/#breadcrumb","itemListElement":[{"@type":"ListItem","position":1,"name":"Portada","item":"https:\/\/maitealbes.com\/"},{"@type":"ListItem","position":2,"name":"Cuestionario Formaci\u00f3n"}]},{"@type":"WebSite","@id":"https:\/\/maitealbes.com\/#website","url":"https:\/\/maitealbes.com\/","name":"Maite Albes | Comunicaci\u00f3n, moda y formaci\u00f3n","description":"Estilista de moda y asesora de imagen","publisher":{"@id":"https:\/\/maitealbes.com\/#organization"},"potentialAction":[{"@type":"SearchAction","target":{"@type":"EntryPoint","urlTemplate":"https:\/\/maitealbes.com\/?s={search_term_string}"},"query-input":{"@type":"PropertyValueSpecification","valueRequired":true,"valueName":"search_term_string"}}],"inLanguage":"eu"},{"@type":"Organization","@id":"https:\/\/maitealbes.com\/#organization","name":"Maite Albes | Comunicaci\u00f3n, moda y formaci\u00f3n","url":"https:\/\/maitealbes.com\/","logo":{"@type":"ImageObject","inLanguage":"eu","@id":"https:\/\/maitealbes.com\/#\/schema\/logo\/image\/","url":"https:\/\/maitealbes.com\/wp-content\/uploads\/2023\/01\/logo-maite.svg","contentUrl":"https:\/\/maitealbes.com\/wp-content\/uploads\/2023\/01\/logo-maite.svg","width":520,"height":56,"caption":"Maite Albes | Comunicaci\u00f3n, moda y formaci\u00f3n"},"image":{"@id":"https:\/\/maitealbes.com\/#\/schema\/logo\/image\/"}}]}},"_links":{"self":[{"href":"https:\/\/maitealbes.com\/eus\/wp-json\/wp\/v2\/pages\/4667","targetHints":{"allow":["GET"]}}],"collection":[{"href":"https:\/\/maitealbes.com\/eus\/wp-json\/wp\/v2\/pages"}],"about":[{"href":"https:\/\/maitealbes.com\/eus\/wp-json\/wp\/v2\/types\/page"}],"author":[{"embeddable":true,"href":"https:\/\/maitealbes.com\/eus\/wp-json\/wp\/v2\/users\/3"}],"replies":[{"embeddable":true,"href":"https:\/\/maitealbes.com\/eus\/wp-json\/wp\/v2\/comments?post=4667"}],"version-history":[{"count":8,"href":"https:\/\/maitealbes.com\/eus\/wp-json\/wp\/v2\/pages\/4667\/revisions"}],"predecessor-version":[{"id":4776,"href":"https:\/\/maitealbes.com\/eus\/wp-json\/wp\/v2\/pages\/4667\/revisions\/4776"}],"wp:attachment":[{"href":"https:\/\/maitealbes.com\/eus\/wp-json\/wp\/v2\/media?parent=4667"}],"curies":[{"name":"wp","href":"https:\/\/api.w.org\/{rel}","templated":true}]}}